{"id":13244,"date":"2021-05-20T14:20:46","date_gmt":"2021-05-20T12:20:46","guid":{"rendered":"https:\/\/biogastechnik-sued.de\/home\/legal-notice\/"},"modified":"2025-07-28T14:52:34","modified_gmt":"2025-07-28T12:52:34","slug":"legal-notice","status":"publish","type":"page","link":"https:\/\/biogastechnik-sued.de\/en\/home\/legal-notice\/","title":{"rendered":"LEGAL NOTICE"},"content":{"rendered":"\t\t<div data-elementor-type=\"wp-post\" data-elementor-id=\"13244\" class=\"elementor elementor-13244 elementor-775\" data-elementor-post-type=\"page\">\n\t\t\t\t\t\t<section class=\"elementor-section elementor-top-section elementor-element elementor-element-415500e6 elementor-section-content-middle elementor-section-boxed elementor-section-height-default elementor-section-height-default\" data-id=\"415500e6\" data-element_type=\"section\">\n\t\t\t\t\t\t<div class=\"elementor-container elementor-column-gap-no\">\n\t\t\t\t\t<div class=\"elementor-column elementor-col-100 elementor-top-column elementor-element elementor-element-345b5f6d\" data-id=\"345b5f6d\" data-element_type=\"column\">\n\t\t\t<div class=\"elementor-widget-wrap elementor-element-populated\">\n\t\t\t\t\t\t<div class=\"elementor-element elementor-element-5d916c26 elementor-widget elementor-widget-heading\" data-id=\"5d916c26\" data-element_type=\"widget\" data-widget_type=\"heading.default\">\n\t\t\t\t<div class=\"elementor-widget-container\">\n\t\t\t\t\t<h2 class=\"elementor-heading-title elementor-size-default\">LEGAL NOTICE<\/h2>\t\t\t\t<\/div>\n\t\t\t\t<\/div>\n\t\t\t\t<div class=\"elementor-element elementor-element-7d1b9a21 elementor-widget elementor-widget-heading\" data-id=\"7d1b9a21\" data-element_type=\"widget\" data-widget_type=\"heading.default\">\n\t\t\t\t<div class=\"elementor-widget-container\">\n\t\t\t\t\t<h5 class=\"elementor-heading-title elementor-size-default\">WITH THE COMPULSORY STATEMENTS ACC. TO SECTION 5 GERMAN TELESERVICES ACT (TELEMEDIENGESETZ) AND SECTION 55 GERMAN INTERSTATE BROADCASTING AGREEMENT (RUNDFUNKSTAATSVERTRAG).<\/h5>\t\t\t\t<\/div>\n\t\t\t\t<\/div>\n\t\t\t\t<section class=\"elementor-section elementor-inner-section elementor-element elementor-element-1b8d551 elementor-section-boxed elementor-section-height-default elementor-section-height-default\" data-id=\"1b8d551\" data-element_type=\"section\">\n\t\t\t\t\t\t<div class=\"elementor-container elementor-column-gap-default\">\n\t\t\t\t\t<div class=\"elementor-column elementor-col-50 elementor-inner-column elementor-element elementor-element-d719603\" data-id=\"d719603\" data-element_type=\"column\">\n\t\t\t<div class=\"elementor-widget-wrap elementor-element-populated\">\n\t\t\t\t\t\t<div class=\"elementor-element elementor-element-dcb3519 elementor-widget elementor-widget-text-editor\" data-id=\"dcb3519\" data-element_type=\"widget\" data-widget_type=\"text-editor.default\">\n\t\t\t\t<div class=\"elementor-widget-container\">\n\t\t\t\t\t\t\t\t\t<p>Biogastechnik S\u00fcd GmbH<br>Am Sch\u00e4ferhof 2<br>88316 Isny im Allg\u00e4u<\/p>\t\t\t\t\t\t\t\t<\/div>\n\t\t\t\t<\/div>\n\t\t\t\t\t<\/div>\n\t\t<\/div>\n\t\t\t\t<div class=\"elementor-column elementor-col-50 elementor-inner-column elementor-element elementor-element-bbbd52f\" data-id=\"bbbd52f\" data-element_type=\"column\">\n\t\t\t<div class=\"elementor-widget-wrap elementor-element-populated\">\n\t\t\t\t\t\t<div class=\"elementor-element elementor-element-8599cd0 elementor-widget elementor-widget-text-editor\" data-id=\"8599cd0\" data-element_type=\"widget\" data-widget_type=\"text-editor.default\">\n\t\t\t\t<div class=\"elementor-widget-container\">\n\t\t\t\t\t\t\t\t\t<p>Tel +49 (0) 7562 970 85 40<br>Fax +49 (0) 7562 970 85 50<br>E-mail: info@biogastechnik-sued.de<br>Web: <a href=\"http:\/\/www.biogastechnik-sued.de\" rel=\"nofollow\">http:\/\/www.biogastechnik-sued.de<\/a><\/p>\t\t\t\t\t\t\t\t<\/div>\n\t\t\t\t<\/div>\n\t\t\t\t\t<\/div>\n\t\t<\/div>\n\t\t\t\t\t<\/div>\n\t\t<\/section>\n\t\t\t\t<section class=\"elementor-section elementor-inner-section elementor-element elementor-element-6a923415 elementor-section-content-top elementor-section-boxed elementor-section-height-default elementor-section-height-default\" data-id=\"6a923415\" data-element_type=\"section\">\n\t\t\t\t\t\t<div class=\"elementor-container elementor-column-gap-default\">\n\t\t\t\t\t<div class=\"elementor-column elementor-col-50 elementor-inner-column elementor-element elementor-element-7f0eeb2f\" data-id=\"7f0eeb2f\" data-element_type=\"column\">\n\t\t\t<div class=\"elementor-widget-wrap elementor-element-populated\">\n\t\t\t\t\t\t<div class=\"elementor-element elementor-element-22d7026 elementor-widget elementor-widget-heading\" data-id=\"22d7026\" data-element_type=\"widget\" data-widget_type=\"heading.default\">\n\t\t\t\t<div class=\"elementor-widget-container\">\n\t\t\t\t\t<h4 class=\"elementor-heading-title elementor-size-default\">COMPANY DETAILS<\/h4>\t\t\t\t<\/div>\n\t\t\t\t<\/div>\n\t\t\t\t<div class=\"elementor-element elementor-element-9610c9 elementor-widget elementor-widget-text-editor\" data-id=\"9610c9\" data-element_type=\"widget\" data-widget_type=\"text-editor.default\">\n\t\t\t\t<div class=\"elementor-widget-container\">\n\t\t\t\t\t\t\t\t\t<p>Value added tax identification number:<\/p><p>DE 247313062<\/p><p>Managing directors: Clemens Maier, Gregor Maier<\/p><p>Register court: Ulm Local Court, HRB 621152<\/p>\t\t\t\t\t\t\t\t<\/div>\n\t\t\t\t<\/div>\n\t\t\t\t\t<\/div>\n\t\t<\/div>\n\t\t\t\t<div class=\"elementor-column elementor-col-50 elementor-inner-column elementor-element elementor-element-73904384\" data-id=\"73904384\" data-element_type=\"column\">\n\t\t\t<div class=\"elementor-widget-wrap elementor-element-populated\">\n\t\t\t\t\t\t<div class=\"elementor-element elementor-element-4ea303ef elementor-widget elementor-widget-heading\" data-id=\"4ea303ef\" data-element_type=\"widget\" data-widget_type=\"heading.default\">\n\t\t\t\t<div class=\"elementor-widget-container\">\n\t\t\t\t\t<h4 class=\"elementor-heading-title elementor-size-default\">LICENSES<\/h4>\t\t\t\t<\/div>\n\t\t\t\t<\/div>\n\t\t\t\t<div class=\"elementor-element elementor-element-1052543b elementor-widget elementor-widget-text-editor\" data-id=\"1052543b\" data-element_type=\"widget\" data-widget_type=\"text-editor.default\">\n\t\t\t\t<div class=\"elementor-widget-container\">\n\t\t\t\t\t\t\t\t\t<p>The intellectual property contained in the Biogastechnik S\u00fcd websites, such as patents, brands and copyrights, is protected. No license for the usage of intellectual property is given through this website.<\/p>\t\t\t\t\t\t\t\t<\/div>\n\t\t\t\t<\/div>\n\t\t\t\t\t<\/div>\n\t\t<\/div>\n\t\t\t\t\t<\/div>\n\t\t<\/section>\n\t\t\t\t<section class=\"elementor-section elementor-inner-section elementor-element elementor-element-76d361e2 elementor-section-content-top elementor-section-boxed elementor-section-height-default elementor-section-height-default\" data-id=\"76d361e2\" data-element_type=\"section\">\n\t\t\t\t\t\t<div class=\"elementor-container elementor-column-gap-default\">\n\t\t\t\t\t<div class=\"elementor-column elementor-col-50 elementor-inner-column elementor-element elementor-element-731438e\" data-id=\"731438e\" data-element_type=\"column\">\n\t\t\t<div class=\"elementor-widget-wrap elementor-element-populated\">\n\t\t\t\t\t\t<div class=\"elementor-element elementor-element-267e02ce elementor-widget elementor-widget-heading\" data-id=\"267e02ce\" data-element_type=\"widget\" data-widget_type=\"heading.default\">\n\t\t\t\t<div class=\"elementor-widget-container\">\n\t\t\t\t\t<h4 class=\"elementor-heading-title elementor-size-default\">GENERAL TERMS AND CONDITIONS<\/h4>\t\t\t\t<\/div>\n\t\t\t\t<\/div>\n\t\t\t\t<div class=\"elementor-element elementor-element-1bf28d61 elementor-widget elementor-widget-text-editor\" data-id=\"1bf28d61\" data-element_type=\"widget\" data-widget_type=\"text-editor.default\">\n\t\t\t\t<div class=\"elementor-widget-container\">\n\t\t\t\t\t\t\t\t\t<p>You can download our GTC <a href=\"https:\/\/biogastechnik-sued.de\/en\/home\/gtc\/\"><span style=\"color: #00723f;\"><strong>here<\/strong><\/span><\/a> or in the <span style=\"color: #00723f;\"><strong><a style=\"color: #00723f;\" href=\"https:\/\/biogastechnik-sued.de\/biogastechnik-sued-gmbh\/downloadcenter\/\">Download center<\/a><\/strong><\/span>.<\/p>\t\t\t\t\t\t\t\t<\/div>\n\t\t\t\t<\/div>\n\t\t\t\t\t<\/div>\n\t\t<\/div>\n\t\t\t\t<div class=\"elementor-column elementor-col-50 elementor-inner-column elementor-element elementor-element-5320bf66\" data-id=\"5320bf66\" data-element_type=\"column\">\n\t\t\t<div class=\"elementor-widget-wrap elementor-element-populated\">\n\t\t\t\t\t\t<div class=\"elementor-element elementor-element-271a8b80 elementor-widget elementor-widget-heading\" data-id=\"271a8b80\" data-element_type=\"widget\" data-widget_type=\"heading.default\">\n\t\t\t\t<div class=\"elementor-widget-container\">\n\t\t\t\t\t<h4 class=\"elementor-heading-title elementor-size-default\">EXTERNAL LINKS<\/h4>\t\t\t\t<\/div>\n\t\t\t\t<\/div>\n\t\t\t\t<div class=\"elementor-element elementor-element-32489296 elementor-widget elementor-widget-text-editor\" data-id=\"32489296\" data-element_type=\"widget\" data-widget_type=\"text-editor.default\">\n\t\t\t\t<div class=\"elementor-widget-container\">\n\t\t\t\t\t\t\t\t\t<p>Despite having carefully checked the contents, we do not assume any responsibility and liability for the contents of external links. The operators of the linked pages are solely responsible for their contents.<\/p>\t\t\t\t\t\t\t\t<\/div>\n\t\t\t\t<\/div>\n\t\t\t\t\t<\/div>\n\t\t<\/div>\n\t\t\t\t\t<\/div>\n\t\t<\/section>\n\t\t\t\t<section class=\"elementor-section elementor-inner-section elementor-element elementor-element-1ef9d280 elementor-section-content-top elementor-section-boxed elementor-section-height-default elementor-section-height-default\" data-id=\"1ef9d280\" data-element_type=\"section\">\n\t\t\t\t\t\t<div class=\"elementor-container elementor-column-gap-no\">\n\t\t\t\t\t<div class=\"elementor-column elementor-col-50 elementor-inner-column elementor-element elementor-element-3d769e14\" data-id=\"3d769e14\" data-element_type=\"column\">\n\t\t\t<div class=\"elementor-widget-wrap elementor-element-populated\">\n\t\t\t\t\t\t<div class=\"elementor-element elementor-element-e8e1054 elementor-widget elementor-widget-heading\" data-id=\"e8e1054\" data-element_type=\"widget\" data-widget_type=\"heading.default\">\n\t\t\t\t<div class=\"elementor-widget-container\">\n\t\t\t\t\t<h4 class=\"elementor-heading-title elementor-size-default\">\u00a9 Copyright<\/h4>\t\t\t\t<\/div>\n\t\t\t\t<\/div>\n\t\t\t\t<div class=\"elementor-element elementor-element-694312a7 elementor-widget elementor-widget-text-editor\" data-id=\"694312a7\" data-element_type=\"widget\" data-widget_type=\"text-editor.default\">\n\t\t\t\t<div class=\"elementor-widget-container\">\n\t\t\t\t\t\t\t\t\t<p>All rights reserved. Texts, images, graphics, sounds, animations and videos as well as their arrangement on Biogastechnik S\u00fcd websites are subject to copyright law and other protection acts. The contents of these websites must not be copied, distributed, modified or made available to third parties for commercial purposes. Any infringement is punishable by law and may result in criminal prosecution. Moreover, some websites contain images subject to the copyright of third parties.<\/p>\t\t\t\t\t\t\t\t<\/div>\n\t\t\t\t<\/div>\n\t\t\t\t\t<\/div>\n\t\t<\/div>\n\t\t\t\t<div class=\"elementor-column elementor-col-50 elementor-inner-column elementor-element elementor-element-3f9e3579\" data-id=\"3f9e3579\" data-element_type=\"column\">\n\t\t\t<div class=\"elementor-widget-wrap elementor-element-populated\">\n\t\t\t\t\t\t<div class=\"elementor-element elementor-element-bc96f99 elementor-widget elementor-widget-heading\" data-id=\"bc96f99\" data-element_type=\"widget\" data-widget_type=\"heading.default\">\n\t\t\t\t<div class=\"elementor-widget-container\">\n\t\t\t\t\t<h4 class=\"elementor-heading-title elementor-size-default\">LIMITATION OF LIABILITY<\/h4>\t\t\t\t<\/div>\n\t\t\t\t<\/div>\n\t\t\t\t<div class=\"elementor-element elementor-element-10615a01 elementor-widget elementor-widget-text-editor\" data-id=\"10615a01\" data-element_type=\"widget\" data-widget_type=\"text-editor.default\">\n\t\t\t\t<div class=\"elementor-widget-container\">\n\t\t\t\t\t\t\t\t\t<p>Biogastechnik S\u00fcd GmbH makes every effort to keep the contents on its website up-to-date, accurate and comprehensive at all times. Nevertheless, the occurrence of errors cannot be completely ruled out.<br>Biogastechnik S\u00fcd GmbH accepts no liability for the topicality, accuracy or completeness of the information provided on its website, unless the errors were included intentionally or through gross negligence. This refers to any material or intangible damage of third parties caused by the use of this website.<\/p>\t\t\t\t\t\t\t\t<\/div>\n\t\t\t\t<\/div>\n\t\t\t\t\t<\/div>\n\t\t<\/div>\n\t\t\t\t\t<\/div>\n\t\t<\/section>\n\t\t\t\t<section class=\"elementor-section elementor-inner-section elementor-element elementor-element-2583946 elementor-section-content-top elementor-section-boxed elementor-section-height-default elementor-section-height-default\" data-id=\"2583946\" data-element_type=\"section\">\n\t\t\t\t\t\t<div class=\"elementor-container elementor-column-gap-no\">\n\t\t\t\t\t<div class=\"elementor-column elementor-col-50 elementor-inner-column elementor-element elementor-element-a11f1cd\" data-id=\"a11f1cd\" data-element_type=\"column\">\n\t\t\t<div class=\"elementor-widget-wrap elementor-element-populated\">\n\t\t\t\t\t\t<div class=\"elementor-element elementor-element-491c519 elementor-widget elementor-widget-heading\" data-id=\"491c519\" data-element_type=\"widget\" data-widget_type=\"heading.default\">\n\t\t\t\t<div class=\"elementor-widget-container\">\n\t\t\t\t\t<h4 class=\"elementor-heading-title elementor-size-default\">LEGAL EFFECT<\/h4>\t\t\t\t<\/div>\n\t\t\t\t<\/div>\n\t\t\t\t<div class=\"elementor-element elementor-element-49fa0b4 elementor-widget elementor-widget-text-editor\" data-id=\"49fa0b4\" data-element_type=\"widget\" data-widget_type=\"text-editor.default\">\n\t\t\t\t<div class=\"elementor-widget-container\">\n\t\t\t\t\t\t\t\t\t<p>This disclaimer is part of the website of Biogastechnik S\u00fcd GmbH. If individual wordings or parts of this text no longer comply or no longer comply fully with the current legal situation, the remaining parts of this statement will not be affected by this.<\/p>\t\t\t\t\t\t\t\t<\/div>\n\t\t\t\t<\/div>\n\t\t\t\t\t<\/div>\n\t\t<\/div>\n\t\t\t\t<div class=\"elementor-column elementor-col-50 elementor-inner-column elementor-element elementor-element-75f7dce\" data-id=\"75f7dce\" data-element_type=\"column\">\n\t\t\t<div class=\"elementor-widget-wrap elementor-element-populated\">\n\t\t\t\t\t\t<div class=\"elementor-element elementor-element-2ee39be elementor-widget elementor-widget-heading\" data-id=\"2ee39be\" data-element_type=\"widget\" data-widget_type=\"heading.default\">\n\t\t\t\t<div class=\"elementor-widget-container\">\n\t\t\t\t\t<h4 class=\"elementor-heading-title elementor-size-default\"><strong>Note on the use of AI tools<\/strong><\/h4>\t\t\t\t<\/div>\n\t\t\t\t<\/div>\n\t\t\t\t<div class=\"elementor-element elementor-element-a5f72f3 elementor-widget elementor-widget-text-editor\" data-id=\"a5f72f3\" data-element_type=\"widget\" data-widget_type=\"text-editor.default\">\n\t\t\t\t<div class=\"elementor-widget-container\">\n\t\t\t\t\t\t\t\t\t<p>As part of our work and to create content on this website, we have used AI-powered writing assistance tools. These technologies were used to support the creation of texts. All content has been reviewed and edited by us to ensure that it meets our quality standards.  <\/p>\t\t\t\t\t\t\t\t<\/div>\n\t\t\t\t<\/div>\n\t\t\t\t\t<\/div>\n\t\t<\/div>\n\t\t\t\t\t<\/div>\n\t\t<\/section>\n\t\t\t\t\t<\/div>\n\t\t<\/div>\n\t\t\t\t\t<\/div>\n\t\t<\/section>\n\t\t\t\t<\/div>\n\t\t","protected":false},"excerpt":{"rendered":"<p>LEGAL NOTICE WITH THE COMPULSORY STATEMENTS ACC. TO SECTION 5 GERMAN TELESERVICES ACT (TELEMEDIENGESETZ) AND SECTION 55 GERMAN INTERSTATE BROADCASTING AGREEMENT (RUNDFUNKSTAATSVERTRAG). Biogastechnik S\u00fcd GmbHAm Sch\u00e4ferhof 288316 Isny im Allg\u00e4u Tel +49 (0) 7562 970 85 40Fax +49 (0) 7562 970 85 50E-mail: <a href=\"mailto:info@biogastechnik-sued.deWeb\">info@biogastechnik-sued.deWeb<\/a>: <a href=\"http:\/\/www.biogastechnik-sued.de\" rel=\"nofollow\">http:\/\/www.biogastechnik-sued.de<\/a> COMPANY DETAILS Value added tax identification number: DE 247313062 Managing [&hellip;]<\/p>\n","protected":false},"author":154380550,"featured_media":0,"parent":13120,"menu_order":0,"comment_status":"closed","ping_status":"closed","template":"elementor_theme","meta":{"_acf_changed":false,"footnotes":""},"class_list":["post-13244","page","type-page","status-publish","hentry"],"acf":[],"yoast_head":"<!-- This site is optimized with the Yoast SEO plugin v26.7 - https:\/\/yoast.com\/wordpress\/plugins\/seo\/ -->\n<title>Legal notice of Biogastechnik S\u00fcd GmbH from Isny im Allg\u00e4u<\/title>\n<meta name=\"description\" content=\"Here you find the legal notice of Biogastechnik S\u00fcd GmbH from Isny im Allg\u00e4u. We produce components for biogas plants.\" \/>\n<meta name=\"robots\" content=\"index, follow, max-snippet:-1, max-image-preview:large, max-video-preview:-1\" \/>\n<link rel=\"canonical\" href=\"https:\/\/biogastechnik-sued.de\/en\/home\/legal-notice\/\" \/>\n<meta property=\"og:locale\" content=\"en_US\" \/>\n<meta property=\"og:type\" content=\"article\" \/>\n<meta property=\"og:title\" content=\"Legal notice of Biogastechnik S\u00fcd GmbH from Isny im Allg\u00e4u\" \/>\n<meta property=\"og:description\" content=\"Here you find the legal notice of Biogastechnik S\u00fcd GmbH from Isny im Allg\u00e4u. We produce components for biogas plants.\" \/>\n<meta property=\"og:url\" content=\"https:\/\/biogastechnik-sued.de\/en\/home\/legal-notice\/\" \/>\n<meta property=\"og:site_name\" content=\"Biogastechnik S\u00fcd GmbH\" \/>\n<meta property=\"article:publisher\" content=\"https:\/\/www.facebook.com\/biogastechniksued\" \/>\n<meta property=\"article:modified_time\" content=\"2025-07-28T12:52:34+00:00\" \/>\n<meta name=\"twitter:card\" content=\"summary_large_image\" \/>\n<meta name=\"twitter:site\" content=\"@BTsued\" \/>\n<meta name=\"twitter:label1\" content=\"Est. reading time\" \/>\n\t<meta name=\"twitter:data1\" content=\"2 minutes\" \/>\n<script type=\"application\/ld+json\" class=\"yoast-schema-graph\">{\"@context\":\"https:\/\/schema.org\",\"@graph\":[{\"@type\":\"WebPage\",\"@id\":\"https:\/\/biogastechnik-sued.de\/en\/home\/legal-notice\/\",\"url\":\"https:\/\/biogastechnik-sued.de\/en\/home\/legal-notice\/\",\"name\":\"Legal notice of Biogastechnik S\u00fcd GmbH from Isny im Allg\u00e4u\",\"isPartOf\":{\"@id\":\"https:\/\/biogastechnik-sued.de\/#website\"},\"datePublished\":\"2021-05-20T12:20:46+00:00\",\"dateModified\":\"2025-07-28T12:52:34+00:00\",\"description\":\"Here you find the legal notice of Biogastechnik S\u00fcd GmbH from Isny im Allg\u00e4u. We produce components for biogas plants.\",\"breadcrumb\":{\"@id\":\"https:\/\/biogastechnik-sued.de\/en\/home\/legal-notice\/#breadcrumb\"},\"inLanguage\":\"en-US\",\"potentialAction\":[{\"@type\":\"ReadAction\",\"target\":[\"https:\/\/biogastechnik-sued.de\/en\/home\/legal-notice\/\"]}]},{\"@type\":\"BreadcrumbList\",\"@id\":\"https:\/\/biogastechnik-sued.de\/en\/home\/legal-notice\/#breadcrumb\",\"itemListElement\":[{\"@type\":\"ListItem\",\"position\":1,\"name\":\"Home\",\"item\":\"https:\/\/biogastechnik-sued.de\/en\/home\/\"},{\"@type\":\"ListItem\",\"position\":2,\"name\":\"LEGAL NOTICE\"}]},{\"@type\":\"WebSite\",\"@id\":\"https:\/\/biogastechnik-sued.de\/#website\",\"url\":\"https:\/\/biogastechnik-sued.de\/\",\"name\":\"Biogastechnik S\u00fcd GmbH\",\"description\":\"From practice, to practice\",\"publisher\":{\"@id\":\"https:\/\/biogastechnik-sued.de\/#organization\"},\"potentialAction\":[{\"@type\":\"SearchAction\",\"target\":{\"@type\":\"EntryPoint\",\"urlTemplate\":\"https:\/\/biogastechnik-sued.de\/?s={search_term_string}\"},\"query-input\":{\"@type\":\"PropertyValueSpecification\",\"valueRequired\":true,\"valueName\":\"search_term_string\"}}],\"inLanguage\":\"en-US\"},{\"@type\":\"Organization\",\"@id\":\"https:\/\/biogastechnik-sued.de\/#organization\",\"name\":\"Biogastechnik S\u00fcd GmbH\",\"url\":\"https:\/\/biogastechnik-sued.de\/\",\"logo\":{\"@type\":\"ImageObject\",\"inLanguage\":\"en-US\",\"@id\":\"https:\/\/biogastechnik-sued.de\/#\/schema\/logo\/image\/\",\"url\":\"\",\"contentUrl\":\"\",\"caption\":\"Biogastechnik S\u00fcd GmbH\"},\"image\":{\"@id\":\"https:\/\/biogastechnik-sued.de\/#\/schema\/logo\/image\/\"},\"sameAs\":[\"https:\/\/www.facebook.com\/biogastechniksued\",\"https:\/\/x.com\/BTsued\",\"https:\/\/www.instagram.com\/btsued\",\"https:\/\/www.youtube.com\/channel\/UCMH0VQD8-sWVF6Wc5vbMqtg\"]}]}<\/script>\n<!-- \/ Yoast SEO plugin. -->","yoast_head_json":{"title":"Legal notice of Biogastechnik S\u00fcd GmbH from Isny im Allg\u00e4u","description":"Here you find the legal notice of Biogastechnik S\u00fcd GmbH from Isny im Allg\u00e4u. We produce components for biogas plants.","robots":{"index":"index","follow":"follow","max-snippet":"max-snippet:-1","max-image-preview":"max-image-preview:large","max-video-preview":"max-video-preview:-1"},"canonical":"https:\/\/biogastechnik-sued.de\/en\/home\/legal-notice\/","og_locale":"en_US","og_type":"article","og_title":"Legal notice of Biogastechnik S\u00fcd GmbH from Isny im Allg\u00e4u","og_description":"Here you find the legal notice of Biogastechnik S\u00fcd GmbH from Isny im Allg\u00e4u. We produce components for biogas plants.","og_url":"https:\/\/biogastechnik-sued.de\/en\/home\/legal-notice\/","og_site_name":"Biogastechnik S\u00fcd GmbH","article_publisher":"https:\/\/www.facebook.com\/biogastechniksued","article_modified_time":"2025-07-28T12:52:34+00:00","twitter_card":"summary_large_image","twitter_site":"@BTsued","twitter_misc":{"Est. reading time":"2 minutes"},"schema":{"@context":"https:\/\/schema.org","@graph":[{"@type":"WebPage","@id":"https:\/\/biogastechnik-sued.de\/en\/home\/legal-notice\/","url":"https:\/\/biogastechnik-sued.de\/en\/home\/legal-notice\/","name":"Legal notice of Biogastechnik S\u00fcd GmbH from Isny im Allg\u00e4u","isPartOf":{"@id":"https:\/\/biogastechnik-sued.de\/#website"},"datePublished":"2021-05-20T12:20:46+00:00","dateModified":"2025-07-28T12:52:34+00:00","description":"Here you find the legal notice of Biogastechnik S\u00fcd GmbH from Isny im Allg\u00e4u. We produce components for biogas plants.","breadcrumb":{"@id":"https:\/\/biogastechnik-sued.de\/en\/home\/legal-notice\/#breadcrumb"},"inLanguage":"en-US","potentialAction":[{"@type":"ReadAction","target":["https:\/\/biogastechnik-sued.de\/en\/home\/legal-notice\/"]}]},{"@type":"BreadcrumbList","@id":"https:\/\/biogastechnik-sued.de\/en\/home\/legal-notice\/#breadcrumb","itemListElement":[{"@type":"ListItem","position":1,"name":"Home","item":"https:\/\/biogastechnik-sued.de\/en\/home\/"},{"@type":"ListItem","position":2,"name":"LEGAL NOTICE"}]},{"@type":"WebSite","@id":"https:\/\/biogastechnik-sued.de\/#website","url":"https:\/\/biogastechnik-sued.de\/","name":"Biogastechnik S\u00fcd GmbH","description":"From practice, to practice","publisher":{"@id":"https:\/\/biogastechnik-sued.de\/#organization"},"potentialAction":[{"@type":"SearchAction","target":{"@type":"EntryPoint","urlTemplate":"https:\/\/biogastechnik-sued.de\/?s={search_term_string}"},"query-input":{"@type":"PropertyValueSpecification","valueRequired":true,"valueName":"search_term_string"}}],"inLanguage":"en-US"},{"@type":"Organization","@id":"https:\/\/biogastechnik-sued.de\/#organization","name":"Biogastechnik S\u00fcd GmbH","url":"https:\/\/biogastechnik-sued.de\/","logo":{"@type":"ImageObject","inLanguage":"en-US","@id":"https:\/\/biogastechnik-sued.de\/#\/schema\/logo\/image\/","url":"","contentUrl":"","caption":"Biogastechnik S\u00fcd GmbH"},"image":{"@id":"https:\/\/biogastechnik-sued.de\/#\/schema\/logo\/image\/"},"sameAs":["https:\/\/www.facebook.com\/biogastechniksued","https:\/\/x.com\/BTsued","https:\/\/www.instagram.com\/btsued","https:\/\/www.youtube.com\/channel\/UCMH0VQD8-sWVF6Wc5vbMqtg"]}]}},"jetpack_shortlink":"https:\/\/wp.me\/PaOez7-3rC","jetpack_sharing_enabled":true,"_links":{"self":[{"href":"https:\/\/biogastechnik-sued.de\/en\/wp-json\/wp\/v2\/pages\/13244","targetHints":{"allow":["GET"]}}],"collection":[{"href":"https:\/\/biogastechnik-sued.de\/en\/wp-json\/wp\/v2\/pages"}],"about":[{"href":"https:\/\/biogastechnik-sued.de\/en\/wp-json\/wp\/v2\/types\/page"}],"author":[{"embeddable":true,"href":"https:\/\/biogastechnik-sued.de\/en\/wp-json\/wp\/v2\/users\/154380550"}],"replies":[{"embeddable":true,"href":"https:\/\/biogastechnik-sued.de\/en\/wp-json\/wp\/v2\/comments?post=13244"}],"version-history":[{"count":2,"href":"https:\/\/biogastechnik-sued.de\/en\/wp-json\/wp\/v2\/pages\/13244\/revisions"}],"predecessor-version":[{"id":28761,"href":"https:\/\/biogastechnik-sued.de\/en\/wp-json\/wp\/v2\/pages\/13244\/revisions\/28761"}],"up":[{"embeddable":true,"href":"https:\/\/biogastechnik-sued.de\/en\/wp-json\/wp\/v2\/pages\/13120"}],"wp:attachment":[{"href":"https:\/\/biogastechnik-sued.de\/en\/wp-json\/wp\/v2\/media?parent=13244"}],"curies":[{"name":"wp","href":"https:\/\/api.w.org\/{rel}","templated":true}]}}