{"id":22628,"date":"2024-04-19T07:37:55","date_gmt":"2024-04-19T05:37:55","guid":{"rendered":"https:\/\/biogastechnik-sued.de\/inicio\/aviso-legal\/"},"modified":"2025-07-28T14:52:03","modified_gmt":"2025-07-28T12:52:03","slug":"aviso-legal","status":"publish","type":"page","link":"https:\/\/biogastechnik-sued.de\/es\/inicio\/aviso-legal\/","title":{"rendered":"Pie de imprenta"},"content":{"rendered":"\t\t<div data-elementor-type=\"wp-post\" data-elementor-id=\"22628\" class=\"elementor elementor-22628 elementor-775\" data-elementor-post-type=\"page\">\n\t\t\t\t\t\t<section class=\"elementor-section elementor-top-section elementor-element elementor-element-415500e6 elementor-section-content-middle elementor-section-boxed elementor-section-height-default elementor-section-height-default\" data-id=\"415500e6\" data-element_type=\"section\" data-e-type=\"section\">\n\t\t\t\t\t\t<div class=\"elementor-container elementor-column-gap-no\">\n\t\t\t\t\t<div class=\"elementor-column elementor-col-100 elementor-top-column elementor-element elementor-element-345b5f6d\" data-id=\"345b5f6d\" data-element_type=\"column\" data-e-type=\"column\">\n\t\t\t<div class=\"elementor-widget-wrap elementor-element-populated\">\n\t\t\t\t\t\t<div class=\"elementor-element elementor-element-5d916c26 elementor-widget elementor-widget-heading\" data-id=\"5d916c26\" data-element_type=\"widget\" data-e-type=\"widget\" data-widget_type=\"heading.default\">\n\t\t\t\t<div class=\"elementor-widget-container\">\n\t\t\t\t\t<h2 class=\"elementor-heading-title elementor-size-default\">Pie de imprenta<\/h2>\t\t\t\t<\/div>\n\t\t\t\t<\/div>\n\t\t\t\t<div class=\"elementor-element elementor-element-7d1b9a21 elementor-widget elementor-widget-heading\" data-id=\"7d1b9a21\" data-element_type=\"widget\" data-e-type=\"widget\" data-widget_type=\"heading.default\">\n\t\t\t\t<div class=\"elementor-widget-container\">\n\t\t\t\t\t<h5 class=\"elementor-heading-title elementor-size-default\">Con la informaci\u00f3n obligatoria seg\u00fan el art\u00edculo 5 de la Ley de Telemedios y el art\u00edculo 55 del Tratado Interestatal de Radiodifusi\u00f3n. <\/h5>\t\t\t\t<\/div>\n\t\t\t\t<\/div>\n\t\t\t\t<section class=\"elementor-section elementor-inner-section elementor-element elementor-element-1b8d551 elementor-section-boxed elementor-section-height-default elementor-section-height-default\" data-id=\"1b8d551\" data-element_type=\"section\" data-e-type=\"section\">\n\t\t\t\t\t\t<div class=\"elementor-container elementor-column-gap-default\">\n\t\t\t\t\t<div class=\"elementor-column elementor-col-50 elementor-inner-column elementor-element elementor-element-d719603\" data-id=\"d719603\" data-element_type=\"column\" data-e-type=\"column\">\n\t\t\t<div class=\"elementor-widget-wrap elementor-element-populated\">\n\t\t\t\t\t\t<div class=\"elementor-element elementor-element-dcb3519 elementor-widget elementor-widget-text-editor\" data-id=\"dcb3519\" data-element_type=\"widget\" data-e-type=\"widget\" data-widget_type=\"text-editor.default\">\n\t\t\t\t<div class=\"elementor-widget-container\">\n\t\t\t\t\t\t\t\t\t<p>Biogastechnik S\u00fcd GmbH<br>Am Sch\u00e4ferhof 2<br>88316 Isny im Allg\u00e4u<\/p>\t\t\t\t\t\t\t\t<\/div>\n\t\t\t\t<\/div>\n\t\t\t\t\t<\/div>\n\t\t<\/div>\n\t\t\t\t<div class=\"elementor-column elementor-col-50 elementor-inner-column elementor-element elementor-element-bbbd52f\" data-id=\"bbbd52f\" data-element_type=\"column\" data-e-type=\"column\">\n\t\t\t<div class=\"elementor-widget-wrap elementor-element-populated\">\n\t\t\t\t\t\t<div class=\"elementor-element elementor-element-8599cd0 elementor-widget elementor-widget-text-editor\" data-id=\"8599cd0\" data-element_type=\"widget\" data-e-type=\"widget\" data-widget_type=\"text-editor.default\">\n\t\t\t\t<div class=\"elementor-widget-container\">\n\t\t\t\t\t\t\t\t\t<p>Tel +49 (0) 7562 970 85 40<br>Fax +49 (0) 7562 970 85 50<br>Correo electr\u00f3nico: info@biogastechnik-sued.de<br>Web: <a href=\"http:\/\/www.biogastechnik-sued.de\" rel=\"nofollow\">http:\/\/www.biogastechnik-sued.de<\/a><\/p>\t\t\t\t\t\t\t\t<\/div>\n\t\t\t\t<\/div>\n\t\t\t\t\t<\/div>\n\t\t<\/div>\n\t\t\t\t\t<\/div>\n\t\t<\/section>\n\t\t\t\t<section class=\"elementor-section elementor-inner-section elementor-element elementor-element-6a923415 elementor-section-content-top elementor-section-boxed elementor-section-height-default elementor-section-height-default\" data-id=\"6a923415\" data-element_type=\"section\" data-e-type=\"section\">\n\t\t\t\t\t\t<div class=\"elementor-container elementor-column-gap-default\">\n\t\t\t\t\t<div class=\"elementor-column elementor-col-50 elementor-inner-column elementor-element elementor-element-7f0eeb2f\" data-id=\"7f0eeb2f\" data-element_type=\"column\" data-e-type=\"column\">\n\t\t\t<div class=\"elementor-widget-wrap elementor-element-populated\">\n\t\t\t\t\t\t<div class=\"elementor-element elementor-element-22d7026 elementor-widget elementor-widget-heading\" data-id=\"22d7026\" data-element_type=\"widget\" data-e-type=\"widget\" data-widget_type=\"heading.default\">\n\t\t\t\t<div class=\"elementor-widget-container\">\n\t\t\t\t\t<h4 class=\"elementor-heading-title elementor-size-default\">Informaci\u00f3n sobre la empresa<\/h4>\t\t\t\t<\/div>\n\t\t\t\t<\/div>\n\t\t\t\t<div class=\"elementor-element elementor-element-9610c9 elementor-widget elementor-widget-text-editor\" data-id=\"9610c9\" data-element_type=\"widget\" data-e-type=\"widget\" data-widget_type=\"text-editor.default\">\n\t\t\t\t<div class=\"elementor-widget-container\">\n\t\t\t\t\t\t\t\t\t<p>N\u00famero de identificaci\u00f3n fiscal:<\/p><p>ES 247313062<\/p><p>Directores Generales: Clemens Maier, Gregor Maier<\/p><p>Tribunal de registro: Juzgado de Primera Instancia de Ulm, HRB 621152<\/p>\t\t\t\t\t\t\t\t<\/div>\n\t\t\t\t<\/div>\n\t\t\t\t\t<\/div>\n\t\t<\/div>\n\t\t\t\t<div class=\"elementor-column elementor-col-50 elementor-inner-column elementor-element elementor-element-73904384\" data-id=\"73904384\" data-element_type=\"column\" data-e-type=\"column\">\n\t\t\t<div class=\"elementor-widget-wrap elementor-element-populated\">\n\t\t\t\t\t\t<div class=\"elementor-element elementor-element-4ea303ef elementor-widget elementor-widget-heading\" data-id=\"4ea303ef\" data-element_type=\"widget\" data-e-type=\"widget\" data-widget_type=\"heading.default\">\n\t\t\t\t<div class=\"elementor-widget-container\">\n\t\t\t\t\t<h4 class=\"elementor-heading-title elementor-size-default\">Directorio de licencias<\/h4>\t\t\t\t<\/div>\n\t\t\t\t<\/div>\n\t\t\t\t<div class=\"elementor-element elementor-element-1052543b elementor-widget elementor-widget-text-editor\" data-id=\"1052543b\" data-element_type=\"widget\" data-e-type=\"widget\" data-widget_type=\"text-editor.default\">\n\t\t\t\t<div class=\"elementor-widget-container\">\n\t\t\t\t\t\t\t\t\t<p>La propiedad intelectual contenida en el sitio web de Biogastechnik S\u00fcd, como patentes, marcas y derechos de autor, est\u00e1 protegida. Este sitio web no concede ninguna licencia de uso de la propiedad intelectual. <\/p>\t\t\t\t\t\t\t\t<\/div>\n\t\t\t\t<\/div>\n\t\t\t\t\t<\/div>\n\t\t<\/div>\n\t\t\t\t\t<\/div>\n\t\t<\/section>\n\t\t\t\t<section class=\"elementor-section elementor-inner-section elementor-element elementor-element-76d361e2 elementor-section-content-top elementor-section-boxed elementor-section-height-default elementor-section-height-default\" data-id=\"76d361e2\" data-element_type=\"section\" data-e-type=\"section\">\n\t\t\t\t\t\t<div class=\"elementor-container elementor-column-gap-default\">\n\t\t\t\t\t<div class=\"elementor-column elementor-col-50 elementor-inner-column elementor-element elementor-element-731438e\" data-id=\"731438e\" data-element_type=\"column\" data-e-type=\"column\">\n\t\t\t<div class=\"elementor-widget-wrap elementor-element-populated\">\n\t\t\t\t\t\t<div class=\"elementor-element elementor-element-267e02ce elementor-widget elementor-widget-heading\" data-id=\"267e02ce\" data-element_type=\"widget\" data-e-type=\"widget\" data-widget_type=\"heading.default\">\n\t\t\t\t<div class=\"elementor-widget-container\">\n\t\t\t\t\t<h4 class=\"elementor-heading-title elementor-size-default\">Condiciones generales<\/h4>\t\t\t\t<\/div>\n\t\t\t\t<\/div>\n\t\t\t\t<div class=\"elementor-element elementor-element-1bf28d61 elementor-widget elementor-widget-text-editor\" data-id=\"1bf28d61\" data-element_type=\"widget\" data-e-type=\"widget\" data-widget_type=\"text-editor.default\">\n\t\t\t\t<div class=\"elementor-widget-container\">\n\t\t\t\t\t\t\t\t\t<p>Puede consultar nuestras condiciones generales de contrataci\u00f3n (AGB) <a href=\"https:\/\/biogastechnik-sued.de\/es\/inicio\/cgc\/\"><span style=\"color: #00723f;\"><strong>aqu\u00ed<\/strong><\/span><\/a> o en el <span style=\"color: #00723f;\"><strong><a style=\"color: #00723f;\" href=\"https:\/\/biogastechnik-sued.de\/biogastechnik-sued-gmbh\/downloadcenter\/\">centro de descargas<\/a><\/strong><\/span> centro de descargas.<\/p>\t\t\t\t\t\t\t\t<\/div>\n\t\t\t\t<\/div>\n\t\t\t\t\t<\/div>\n\t\t<\/div>\n\t\t\t\t<div class=\"elementor-column elementor-col-50 elementor-inner-column elementor-element elementor-element-5320bf66\" data-id=\"5320bf66\" data-element_type=\"column\" data-e-type=\"column\">\n\t\t\t<div class=\"elementor-widget-wrap elementor-element-populated\">\n\t\t\t\t\t\t<div class=\"elementor-element elementor-element-271a8b80 elementor-widget elementor-widget-heading\" data-id=\"271a8b80\" data-element_type=\"widget\" data-e-type=\"widget\" data-widget_type=\"heading.default\">\n\t\t\t\t<div class=\"elementor-widget-container\">\n\t\t\t\t\t<h4 class=\"elementor-heading-title elementor-size-default\">Enlaces externos<\/h4>\t\t\t\t<\/div>\n\t\t\t\t<\/div>\n\t\t\t\t<div class=\"elementor-element elementor-element-32489296 elementor-widget elementor-widget-text-editor\" data-id=\"32489296\" data-element_type=\"widget\" data-e-type=\"widget\" data-widget_type=\"text-editor.default\">\n\t\t\t\t<div class=\"elementor-widget-container\">\n\t\t\t\t\t\t\t\t\t<p>A pesar de un cuidadoso control del contenido, no asumimos ninguna responsabilidad por el contenido de los enlaces externos. Los operadores de las p\u00e1ginas enlazadas son los \u00fanicos responsables de su contenido. <\/p>\t\t\t\t\t\t\t\t<\/div>\n\t\t\t\t<\/div>\n\t\t\t\t\t<\/div>\n\t\t<\/div>\n\t\t\t\t\t<\/div>\n\t\t<\/section>\n\t\t\t\t<section class=\"elementor-section elementor-inner-section elementor-element elementor-element-1ef9d280 elementor-section-content-top elementor-section-boxed elementor-section-height-default elementor-section-height-default\" data-id=\"1ef9d280\" data-element_type=\"section\" data-e-type=\"section\">\n\t\t\t\t\t\t<div class=\"elementor-container elementor-column-gap-no\">\n\t\t\t\t\t<div class=\"elementor-column elementor-col-50 elementor-inner-column elementor-element elementor-element-3d769e14\" data-id=\"3d769e14\" data-element_type=\"column\" data-e-type=\"column\">\n\t\t\t<div class=\"elementor-widget-wrap elementor-element-populated\">\n\t\t\t\t\t\t<div class=\"elementor-element elementor-element-e8e1054 elementor-widget elementor-widget-heading\" data-id=\"e8e1054\" data-element_type=\"widget\" data-e-type=\"widget\" data-widget_type=\"heading.default\">\n\t\t\t\t<div class=\"elementor-widget-container\">\n\t\t\t\t\t<h4 class=\"elementor-heading-title elementor-size-default\">Copyright<\/h4>\t\t\t\t<\/div>\n\t\t\t\t<\/div>\n\t\t\t\t<div class=\"elementor-element elementor-element-694312a7 elementor-widget elementor-widget-text-editor\" data-id=\"694312a7\" data-element_type=\"widget\" data-e-type=\"widget\" data-widget_type=\"text-editor.default\">\n\t\t\t\t<div class=\"elementor-widget-container\">\n\t\t\t\t\t\t\t\t\t<p>Todos los derechos reservados. Los textos, im\u00e1genes, gr\u00e1ficos, archivos de sonido, archivos de animaci\u00f3n, archivos de v\u00eddeo y su disposici\u00f3n en los sitios web de Biogastechnik S\u00fcd est\u00e1n sujetos a derechos de autor y a otras formas de protecci\u00f3n de la propiedad intelectual. El contenido de estas p\u00e1ginas web no puede copiarse, distribuirse, modificarse ni hacerse accesible a terceros con fines comerciales. Cualquier infracci\u00f3n est\u00e1 penada por la ley y puede ser perseguida. Algunas p\u00e1ginas, incluido el pie de imprenta, tambi\u00e9n contienen im\u00e1genes sujetas a derechos de autor de terceros.     <\/p>\t\t\t\t\t\t\t\t<\/div>\n\t\t\t\t<\/div>\n\t\t\t\t\t<\/div>\n\t\t<\/div>\n\t\t\t\t<div class=\"elementor-column elementor-col-50 elementor-inner-column elementor-element elementor-element-3f9e3579\" data-id=\"3f9e3579\" data-element_type=\"column\" data-e-type=\"column\">\n\t\t\t<div class=\"elementor-widget-wrap elementor-element-populated\">\n\t\t\t\t\t\t<div class=\"elementor-element elementor-element-bc96f99 elementor-widget elementor-widget-heading\" data-id=\"bc96f99\" data-element_type=\"widget\" data-e-type=\"widget\" data-widget_type=\"heading.default\">\n\t\t\t\t<div class=\"elementor-widget-container\">\n\t\t\t\t\t<h4 class=\"elementor-heading-title elementor-size-default\">Limitaci\u00f3n de responsabilidad<\/h4>\t\t\t\t<\/div>\n\t\t\t\t<\/div>\n\t\t\t\t<div class=\"elementor-element elementor-element-10615a01 elementor-widget elementor-widget-text-editor\" data-id=\"10615a01\" data-element_type=\"widget\" data-e-type=\"widget\" data-widget_type=\"text-editor.default\">\n\t\t\t\t<div class=\"elementor-widget-container\">\n\t\t\t\t\t\t\t\t\t<p>Biogastechnik S\u00fcd GmbH se esfuerza por mantener su sitio web actualizado, correcto y completo. No obstante, no puede excluirse por completo la posibilidad de que se produzcan errores.<br>Biogastechnik S\u00fcd GmbH no asume ninguna responsabilidad por la actualidad, exactitud o integridad de la informaci\u00f3n proporcionada en su sitio web, a menos que los errores se hayan incluido deliberadamente o por negligencia grave. Esto se refiere a cualquier da\u00f1o material o inmaterial a terceros causado por el uso de este sitio web.  <\/p>\t\t\t\t\t\t\t\t<\/div>\n\t\t\t\t<\/div>\n\t\t\t\t\t<\/div>\n\t\t<\/div>\n\t\t\t\t\t<\/div>\n\t\t<\/section>\n\t\t\t\t<section class=\"elementor-section elementor-inner-section elementor-element elementor-element-2583946 elementor-section-content-top elementor-section-boxed elementor-section-height-default elementor-section-height-default\" data-id=\"2583946\" data-element_type=\"section\" data-e-type=\"section\">\n\t\t\t\t\t\t<div class=\"elementor-container elementor-column-gap-no\">\n\t\t\t\t\t<div class=\"elementor-column elementor-col-50 elementor-inner-column elementor-element elementor-element-a11f1cd\" data-id=\"a11f1cd\" data-element_type=\"column\" data-e-type=\"column\">\n\t\t\t<div class=\"elementor-widget-wrap elementor-element-populated\">\n\t\t\t\t\t\t<div class=\"elementor-element elementor-element-491c519 elementor-widget elementor-widget-heading\" data-id=\"491c519\" data-element_type=\"widget\" data-e-type=\"widget\" data-widget_type=\"heading.default\">\n\t\t\t\t<div class=\"elementor-widget-container\">\n\t\t\t\t\t<h4 class=\"elementor-heading-title elementor-size-default\">Eficacia jur\u00eddica<\/h4>\t\t\t\t<\/div>\n\t\t\t\t<\/div>\n\t\t\t\t<div class=\"elementor-element elementor-element-49fa0b4 elementor-widget elementor-widget-text-editor\" data-id=\"49fa0b4\" data-element_type=\"widget\" data-e-type=\"widget\" data-widget_type=\"text-editor.default\">\n\t\t\t\t<div class=\"elementor-widget-container\">\n\t\t\t\t\t\t\t\t\t<p>Esta declaraci\u00f3n de exenci\u00f3n de responsabilidad forma parte del sitio web de Biogastechnik S\u00fcd GmbH. En caso de que formulaciones individuales o partes de este texto dejen de cumplir o dejen de cumplir plenamente la situaci\u00f3n legal aplicable, las partes restantes de esta declaraci\u00f3n no se ver\u00e1n afectadas. <\/p>\t\t\t\t\t\t\t\t<\/div>\n\t\t\t\t<\/div>\n\t\t\t\t\t<\/div>\n\t\t<\/div>\n\t\t\t\t<div class=\"elementor-column elementor-col-50 elementor-inner-column elementor-element elementor-element-75f7dce\" data-id=\"75f7dce\" data-element_type=\"column\" data-e-type=\"column\">\n\t\t\t<div class=\"elementor-widget-wrap elementor-element-populated\">\n\t\t\t\t\t\t<div class=\"elementor-element elementor-element-2ee39be elementor-widget elementor-widget-heading\" data-id=\"2ee39be\" data-element_type=\"widget\" data-e-type=\"widget\" data-widget_type=\"heading.default\">\n\t\t\t\t<div class=\"elementor-widget-container\">\n\t\t\t\t\t<h4 class=\"elementor-heading-title elementor-size-default\"><strong>Nota sobre el uso de herramientas de IA<\/strong><\/h4>\t\t\t\t<\/div>\n\t\t\t\t<\/div>\n\t\t\t\t<div class=\"elementor-element elementor-element-a5f72f3 elementor-widget elementor-widget-text-editor\" data-id=\"a5f72f3\" data-element_type=\"widget\" data-e-type=\"widget\" data-widget_type=\"text-editor.default\">\n\t\t\t\t<div class=\"elementor-widget-container\">\n\t\t\t\t\t\t\t\t\t<p>En el marco de nuestro trabajo y para la creaci\u00f3n de contenidos en este sitio web, hemos utilizado herramientas de ayuda a la escritura asistidas por IA. Estas tecnolog\u00edas han servido de apoyo para la creaci\u00f3n de textos. Todos los contenidos han sido revisados y editados por nosotros para garantizar que cumplen nuestras normas de calidad.  <\/p>\t\t\t\t\t\t\t\t<\/div>\n\t\t\t\t<\/div>\n\t\t\t\t\t<\/div>\n\t\t<\/div>\n\t\t\t\t\t<\/div>\n\t\t<\/section>\n\t\t\t\t\t<\/div>\n\t\t<\/div>\n\t\t\t\t\t<\/div>\n\t\t<\/section>\n\t\t\t\t<\/div>\n\t\t","protected":false},"excerpt":{"rendered":"<p>Pie de imprenta Con la informaci\u00f3n obligatoria seg\u00fan el art\u00edculo 5 de la Ley de Telemedios y el art\u00edculo 55 del Tratado Interestatal de Radiodifusi\u00f3n. Biogastechnik S\u00fcd GmbHAm Sch\u00e4ferhof 288316 Isny im Allg\u00e4u Tel +49 (0) 7562 970 85 40Fax +49 (0) 7562 970 85 50Correo electr\u00f3nico: <a href=\"mailto:info@biogastechnik-sued.deWeb\">info@biogastechnik-sued.deWeb<\/a>: <a href=\"http:\/\/www.biogastechnik-sued.de\" rel=\"nofollow\">http:\/\/www.biogastechnik-sued.de<\/a> Informaci\u00f3n sobre la empresa N\u00famero de [&hellip;]<\/p>\n","protected":false},"author":154380550,"featured_media":0,"parent":22618,"menu_order":0,"comment_status":"closed","ping_status":"closed","template":"elementor_theme","meta":{"_acf_changed":false,"footnotes":""},"class_list":["post-22628","page","type-page","status-publish","hentry"],"acf":[],"yoast_head":"<!-- This site is optimized with the Yoast SEO plugin v27.4 - https:\/\/yoast.com\/product\/yoast-seo-wordpress\/ -->\n<title>Pie de imprenta de Biogastechnik S\u00fcd GmbH de Isny im Allg\u00e4u<\/title>\n<meta name=\"description\" content=\"Aqu\u00ed encontrar\u00e1 el pie de imprenta de Biogastechnik S\u00fcd GmbH procedentes de Isny im Allg\u00e4u. Fabricamos componentes para plantas de biog\u00e1s.\" \/>\n<meta name=\"robots\" content=\"index, follow, max-snippet:-1, max-image-preview:large, max-video-preview:-1\" \/>\n<link rel=\"canonical\" href=\"https:\/\/biogastechnik-sued.de\/es\/inicio\/aviso-legal\/\" \/>\n<meta property=\"og:locale\" content=\"es_ES\" \/>\n<meta property=\"og:type\" content=\"article\" \/>\n<meta property=\"og:title\" content=\"Pie de imprenta de Biogastechnik S\u00fcd GmbH de Isny im Allg\u00e4u\" \/>\n<meta property=\"og:description\" content=\"Aqu\u00ed encontrar\u00e1 el pie de imprenta de Biogastechnik S\u00fcd GmbH procedentes de Isny im Allg\u00e4u. Fabricamos componentes para plantas de biog\u00e1s.\" \/>\n<meta property=\"og:url\" content=\"https:\/\/biogastechnik-sued.de\/es\/inicio\/aviso-legal\/\" \/>\n<meta property=\"og:site_name\" content=\"Biogastechnik S\u00fcd GmbH\" \/>\n<meta property=\"article:publisher\" content=\"https:\/\/www.facebook.com\/biogastechniksued\" \/>\n<meta property=\"article:modified_time\" content=\"2025-07-28T12:52:03+00:00\" \/>\n<meta name=\"twitter:card\" content=\"summary_large_image\" \/>\n<meta name=\"twitter:site\" content=\"@BTsued\" \/>\n<meta name=\"twitter:label1\" content=\"Tiempo de lectura\" \/>\n\t<meta name=\"twitter:data1\" content=\"2 minutos\" \/>\n<script type=\"application\/ld+json\" class=\"yoast-schema-graph\">{\"@context\":\"https:\\\/\\\/schema.org\",\"@graph\":[{\"@type\":\"WebPage\",\"@id\":\"https:\\\/\\\/biogastechnik-sued.de\\\/es\\\/inicio\\\/aviso-legal\\\/\",\"url\":\"https:\\\/\\\/biogastechnik-sued.de\\\/es\\\/inicio\\\/aviso-legal\\\/\",\"name\":\"Pie de imprenta de Biogastechnik S\u00fcd GmbH de Isny im Allg\u00e4u\",\"isPartOf\":{\"@id\":\"https:\\\/\\\/biogastechnik-sued.de\\\/es\\\/#website\"},\"datePublished\":\"2024-04-19T05:37:55+00:00\",\"dateModified\":\"2025-07-28T12:52:03+00:00\",\"description\":\"Aqu\u00ed encontrar\u00e1 el pie de imprenta de Biogastechnik S\u00fcd GmbH procedentes de Isny im Allg\u00e4u. Fabricamos componentes para plantas de biog\u00e1s.\",\"breadcrumb\":{\"@id\":\"https:\\\/\\\/biogastechnik-sued.de\\\/es\\\/inicio\\\/aviso-legal\\\/#breadcrumb\"},\"inLanguage\":\"es\",\"potentialAction\":[{\"@type\":\"ReadAction\",\"target\":[\"https:\\\/\\\/biogastechnik-sued.de\\\/es\\\/inicio\\\/aviso-legal\\\/\"]}]},{\"@type\":\"BreadcrumbList\",\"@id\":\"https:\\\/\\\/biogastechnik-sued.de\\\/es\\\/inicio\\\/aviso-legal\\\/#breadcrumb\",\"itemListElement\":[{\"@type\":\"ListItem\",\"position\":1,\"name\":\"Inicio\",\"item\":\"https:\\\/\\\/biogastechnik-sued.de\\\/es\\\/inicio\\\/\"},{\"@type\":\"ListItem\",\"position\":2,\"name\":\"Pie de imprenta\"}]},{\"@type\":\"WebSite\",\"@id\":\"https:\\\/\\\/biogastechnik-sued.de\\\/es\\\/#website\",\"url\":\"https:\\\/\\\/biogastechnik-sued.de\\\/es\\\/\",\"name\":\"Biogastechnik S\u00fcd GmbH\",\"description\":\"Aus der Praxis, f\u00fcr die Praxis.\",\"publisher\":{\"@id\":\"https:\\\/\\\/biogastechnik-sued.de\\\/es\\\/#organization\"},\"potentialAction\":[{\"@type\":\"SearchAction\",\"target\":{\"@type\":\"EntryPoint\",\"urlTemplate\":\"https:\\\/\\\/biogastechnik-sued.de\\\/es\\\/?s={search_term_string}\"},\"query-input\":{\"@type\":\"PropertyValueSpecification\",\"valueRequired\":true,\"valueName\":\"search_term_string\"}}],\"inLanguage\":\"es\"},{\"@type\":\"Organization\",\"@id\":\"https:\\\/\\\/biogastechnik-sued.de\\\/es\\\/#organization\",\"name\":\"Biogastechnik S\u00fcd GmbH\",\"url\":\"https:\\\/\\\/biogastechnik-sued.de\\\/es\\\/\",\"logo\":{\"@type\":\"ImageObject\",\"inLanguage\":\"es\",\"@id\":\"https:\\\/\\\/biogastechnik-sued.de\\\/es\\\/#\\\/schema\\\/logo\\\/image\\\/\",\"url\":\"\",\"contentUrl\":\"\",\"caption\":\"Biogastechnik S\u00fcd GmbH\"},\"image\":{\"@id\":\"https:\\\/\\\/biogastechnik-sued.de\\\/es\\\/#\\\/schema\\\/logo\\\/image\\\/\"},\"sameAs\":[\"https:\\\/\\\/www.facebook.com\\\/biogastechniksued\",\"https:\\\/\\\/x.com\\\/BTsued\",\"https:\\\/\\\/www.instagram.com\\\/btsued\",\"https:\\\/\\\/www.youtube.com\\\/channel\\\/UCMH0VQD8-sWVF6Wc5vbMqtg\"]}]}<\/script>\n<!-- \/ Yoast SEO plugin. -->","yoast_head_json":{"title":"Pie de imprenta de Biogastechnik S\u00fcd GmbH de Isny im Allg\u00e4u","description":"Aqu\u00ed encontrar\u00e1 el pie de imprenta de Biogastechnik S\u00fcd GmbH procedentes de Isny im Allg\u00e4u. Fabricamos componentes para plantas de biog\u00e1s.","robots":{"index":"index","follow":"follow","max-snippet":"max-snippet:-1","max-image-preview":"max-image-preview:large","max-video-preview":"max-video-preview:-1"},"canonical":"https:\/\/biogastechnik-sued.de\/es\/inicio\/aviso-legal\/","og_locale":"es_ES","og_type":"article","og_title":"Pie de imprenta de Biogastechnik S\u00fcd GmbH de Isny im Allg\u00e4u","og_description":"Aqu\u00ed encontrar\u00e1 el pie de imprenta de Biogastechnik S\u00fcd GmbH procedentes de Isny im Allg\u00e4u. Fabricamos componentes para plantas de biog\u00e1s.","og_url":"https:\/\/biogastechnik-sued.de\/es\/inicio\/aviso-legal\/","og_site_name":"Biogastechnik S\u00fcd GmbH","article_publisher":"https:\/\/www.facebook.com\/biogastechniksued","article_modified_time":"2025-07-28T12:52:03+00:00","twitter_card":"summary_large_image","twitter_site":"@BTsued","twitter_misc":{"Tiempo de lectura":"2 minutos"},"schema":{"@context":"https:\/\/schema.org","@graph":[{"@type":"WebPage","@id":"https:\/\/biogastechnik-sued.de\/es\/inicio\/aviso-legal\/","url":"https:\/\/biogastechnik-sued.de\/es\/inicio\/aviso-legal\/","name":"Pie de imprenta de Biogastechnik S\u00fcd GmbH de Isny im Allg\u00e4u","isPartOf":{"@id":"https:\/\/biogastechnik-sued.de\/es\/#website"},"datePublished":"2024-04-19T05:37:55+00:00","dateModified":"2025-07-28T12:52:03+00:00","description":"Aqu\u00ed encontrar\u00e1 el pie de imprenta de Biogastechnik S\u00fcd GmbH procedentes de Isny im Allg\u00e4u. Fabricamos componentes para plantas de biog\u00e1s.","breadcrumb":{"@id":"https:\/\/biogastechnik-sued.de\/es\/inicio\/aviso-legal\/#breadcrumb"},"inLanguage":"es","potentialAction":[{"@type":"ReadAction","target":["https:\/\/biogastechnik-sued.de\/es\/inicio\/aviso-legal\/"]}]},{"@type":"BreadcrumbList","@id":"https:\/\/biogastechnik-sued.de\/es\/inicio\/aviso-legal\/#breadcrumb","itemListElement":[{"@type":"ListItem","position":1,"name":"Inicio","item":"https:\/\/biogastechnik-sued.de\/es\/inicio\/"},{"@type":"ListItem","position":2,"name":"Pie de imprenta"}]},{"@type":"WebSite","@id":"https:\/\/biogastechnik-sued.de\/es\/#website","url":"https:\/\/biogastechnik-sued.de\/es\/","name":"Biogastechnik S\u00fcd GmbH","description":"Aus der Praxis, f\u00fcr die Praxis.","publisher":{"@id":"https:\/\/biogastechnik-sued.de\/es\/#organization"},"potentialAction":[{"@type":"SearchAction","target":{"@type":"EntryPoint","urlTemplate":"https:\/\/biogastechnik-sued.de\/es\/?s={search_term_string}"},"query-input":{"@type":"PropertyValueSpecification","valueRequired":true,"valueName":"search_term_string"}}],"inLanguage":"es"},{"@type":"Organization","@id":"https:\/\/biogastechnik-sued.de\/es\/#organization","name":"Biogastechnik S\u00fcd GmbH","url":"https:\/\/biogastechnik-sued.de\/es\/","logo":{"@type":"ImageObject","inLanguage":"es","@id":"https:\/\/biogastechnik-sued.de\/es\/#\/schema\/logo\/image\/","url":"","contentUrl":"","caption":"Biogastechnik S\u00fcd GmbH"},"image":{"@id":"https:\/\/biogastechnik-sued.de\/es\/#\/schema\/logo\/image\/"},"sameAs":["https:\/\/www.facebook.com\/biogastechniksued","https:\/\/x.com\/BTsued","https:\/\/www.instagram.com\/btsued","https:\/\/www.youtube.com\/channel\/UCMH0VQD8-sWVF6Wc5vbMqtg"]}]}},"jetpack_shortlink":"https:\/\/wp.me\/PaOez7-5SY","jetpack_sharing_enabled":true,"_links":{"self":[{"href":"https:\/\/biogastechnik-sued.de\/es\/wp-json\/wp\/v2\/pages\/22628","targetHints":{"allow":["GET"]}}],"collection":[{"href":"https:\/\/biogastechnik-sued.de\/es\/wp-json\/wp\/v2\/pages"}],"about":[{"href":"https:\/\/biogastechnik-sued.de\/es\/wp-json\/wp\/v2\/types\/page"}],"author":[{"embeddable":true,"href":"https:\/\/biogastechnik-sued.de\/es\/wp-json\/wp\/v2\/users\/154380550"}],"replies":[{"embeddable":true,"href":"https:\/\/biogastechnik-sued.de\/es\/wp-json\/wp\/v2\/comments?post=22628"}],"version-history":[{"count":3,"href":"https:\/\/biogastechnik-sued.de\/es\/wp-json\/wp\/v2\/pages\/22628\/revisions"}],"predecessor-version":[{"id":28744,"href":"https:\/\/biogastechnik-sued.de\/es\/wp-json\/wp\/v2\/pages\/22628\/revisions\/28744"}],"up":[{"embeddable":true,"href":"https:\/\/biogastechnik-sued.de\/es\/wp-json\/wp\/v2\/pages\/22618"}],"wp:attachment":[{"href":"https:\/\/biogastechnik-sued.de\/es\/wp-json\/wp\/v2\/media?parent=22628"}],"curies":[{"name":"wp","href":"https:\/\/api.w.org\/{rel}","templated":true}]}}