{"id":22662,"date":"2024-04-19T07:41:50","date_gmt":"2024-04-19T05:41:50","guid":{"rendered":"https:\/\/biogastechnik-sued.de\/inicio\/quienes-somos\/factfeeder\/"},"modified":"2025-07-28T14:54:38","modified_gmt":"2025-07-28T12:54:38","slug":"factfeeder","status":"publish","type":"page","link":"https:\/\/biogastechnik-sued.de\/es\/inicio\/quienes-somos\/factfeeder\/","title":{"rendered":"Factfeeder"},"content":{"rendered":"\t\t<div data-elementor-type=\"wp-page\" data-elementor-id=\"22662\" class=\"elementor elementor-22662 elementor-5324\" data-elementor-post-type=\"page\">\n\t\t\t\t\t\t<section class=\"elementor-section elementor-top-section elementor-element elementor-element-2104f91 elementor-section-boxed elementor-section-height-default elementor-section-height-default\" data-id=\"2104f91\" data-element_type=\"section\" data-e-type=\"section\">\n\t\t\t\t\t\t<div class=\"elementor-container elementor-column-gap-default\">\n\t\t\t\t\t<div class=\"elementor-column elementor-col-100 elementor-top-column elementor-element elementor-element-b7dedd1\" data-id=\"b7dedd1\" data-element_type=\"column\" data-e-type=\"column\" data-settings=\"{&quot;background_background&quot;:&quot;classic&quot;}\">\n\t\t\t<div class=\"elementor-widget-wrap elementor-element-populated\">\n\t\t\t\t\t\t<div class=\"elementor-element elementor-element-1c98f43 elementor-widget elementor-widget-heading\" data-id=\"1c98f43\" data-element_type=\"widget\" data-e-type=\"widget\" data-widget_type=\"heading.default\">\n\t\t\t\t<div class=\"elementor-widget-container\">\n\t\t\t\t\t<h5 class=\"elementor-heading-title elementor-size-default\">Explicado f\u00e1cilmente<\/h5>\t\t\t\t<\/div>\n\t\t\t\t<\/div>\n\t\t\t\t<div class=\"elementor-element elementor-element-6a9f320 elementor-position-left elementor-vertical-align-top elementor-widget elementor-widget-image-box\" data-id=\"6a9f320\" data-element_type=\"widget\" data-e-type=\"widget\" data-widget_type=\"image-box.default\">\n\t\t\t\t<div class=\"elementor-widget-container\">\n\t\t\t\t\t<div class=\"elementor-image-box-wrapper\"><figure class=\"elementor-image-box-img\"><img fetchpriority=\"high\" decoding=\"async\" data-attachment-id=\"7255\" data-permalink=\"https:\/\/biogastechnik-sued.de\/es\/btsued\/ueber-uns-und-unsere-biogas-komponenten\/factfeeder\/hashtag_dunkelgruen-1\/\" data-orig-file=\"https:\/\/biogastechnik-sued.de\/wp-content\/uploads\/2020\/04\/Hashtag_dunkelgr\u00fcn-1.svg\" data-orig-size=\"283,283\" data-comments-opened=\"1\" data-image-meta=\"[]\" data-image-title=\"Hashtag_dunkelgr\u00fcn 1\" data-image-description=\"\" data-image-caption=\"\" data-medium-file=\"https:\/\/biogastechnik-sued.de\/wp-content\/uploads\/2020\/04\/Hashtag_dunkelgr\u00fcn-1.svg\" data-large-file=\"https:\/\/biogastechnik-sued.de\/wp-content\/uploads\/2020\/04\/Hashtag_dunkelgr\u00fcn-1.svg\" width=\"283\" height=\"283\" src=\"https:\/\/biogastechnik-sued.de\/wp-content\/uploads\/2020\/04\/Hashtag_dunkelgr\u00fcn-1.svg\" class=\"attachment-full size-full wp-image-7255\" alt=\"\" data-attachment-id=\"7255\" data-permalink=\"https:\/\/biogastechnik-sued.de\/es\/btsued\/ueber-uns-und-unsere-biogas-komponenten\/factfeeder\/hashtag_dunkelgruen-1\/\" data-orig-file=\"https:\/\/biogastechnik-sued.de\/wp-content\/uploads\/2020\/04\/Hashtag_dunkelgr\u00fcn-1.svg\" data-orig-size=\"283,283\" data-comments-opened=\"1\" data-image-meta=\"[]\" data-image-title=\"Hashtag_dunkelgr\u00fcn 1\" data-image-description=\"\" data-image-caption=\"\" data-medium-file=\"https:\/\/biogastechnik-sued.de\/wp-content\/uploads\/2020\/04\/Hashtag_dunkelgr\u00fcn-1.svg\" data-large-file=\"https:\/\/biogastechnik-sued.de\/wp-content\/uploads\/2020\/04\/Hashtag_dunkelgr\u00fcn-1.svg\" \/><\/figure><div class=\"elementor-image-box-content\"><h3 class=\"elementor-image-box-title\">Factfeeder BIOGAS<\/h3><\/div><\/div>\t\t\t\t<\/div>\n\t\t\t\t<\/div>\n\t\t\t\t<div class=\"elementor-element elementor-element-9346b4e elementor-widget elementor-widget-text-editor\" data-id=\"9346b4e\" data-element_type=\"widget\" data-e-type=\"widget\" data-widget_type=\"text-editor.default\">\n\t\t\t\t<div class=\"elementor-widget-container\">\n\t\t\t\t\t\t\t\t\t<p>En nuestro alimentador de datos sobre biog\u00e1s encontrar\u00e1 interesantes art\u00edculos, v\u00eddeos y descargas sobre diversos temas relacionados con el biog\u00e1s.<\/p>\t\t\t\t\t\t\t\t<\/div>\n\t\t\t\t<\/div>\n\t\t\t\t\t<\/div>\n\t\t<\/div>\n\t\t\t\t\t<\/div>\n\t\t<\/section>\n\t\t\t\t<section class=\"elementor-section elementor-top-section elementor-element elementor-element-3ae5a972 elementor-section-boxed elementor-section-height-default elementor-section-height-default\" data-id=\"3ae5a972\" data-element_type=\"section\" data-e-type=\"section\" data-settings=\"{&quot;background_background&quot;:&quot;classic&quot;}\">\n\t\t\t\t\t\t<div class=\"elementor-container elementor-column-gap-default\">\n\t\t\t\t\t<div class=\"elementor-column elementor-col-100 elementor-top-column elementor-element elementor-element-64055b57\" data-id=\"64055b57\" data-element_type=\"column\" data-e-type=\"column\">\n\t\t\t<div class=\"elementor-widget-wrap elementor-element-populated\">\n\t\t\t\t\t\t<div class=\"elementor-element elementor-element-2866771 elementor-widget elementor-widget-heading\" data-id=\"2866771\" data-element_type=\"widget\" data-e-type=\"widget\" data-widget_type=\"heading.default\">\n\t\t\t\t<div class=\"elementor-widget-container\">\n\t\t\t\t\t<h2 class=\"elementor-heading-title elementor-size-default\">Datos e informaci\u00f3n general en el alimentador de datos sobre biog\u00e1s<\/h2>\t\t\t\t<\/div>\n\t\t\t\t<\/div>\n\t\t\t\t<div class=\"elementor-element elementor-element-3b1a7291 elementor-widget elementor-widget-heading\" data-id=\"3b1a7291\" data-element_type=\"widget\" data-e-type=\"widget\" id=\"#cultan\" data-widget_type=\"heading.default\">\n\t\t\t\t<div class=\"elementor-widget-container\">\n\t\t\t\t\t<h4 class=\"elementor-heading-title elementor-size-default\">Tecnolog\u00eda CULTAN<\/h4>\t\t\t\t<\/div>\n\t\t\t\t<\/div>\n\t\t\t\t<div class=\"elementor-element elementor-element-693adfc elementor-widget elementor-widget-text-editor\" data-id=\"693adfc\" data-element_type=\"widget\" data-e-type=\"widget\" data-widget_type=\"text-editor.default\">\n\t\t\t\t<div class=\"elementor-widget-container\">\n\t\t\t\t\t\t\t\t\t<p><b>CULTAN<\/b><i>(Controlled Uptake Long Term Ammonium<\/i> <i>Nutrition<\/i>) es una forma poco com\u00fan de <a title=\"Fertilizaci\u00f3n bajo los pies\" href=\"https:\/\/de.wikipedia.org\/wiki\/Unterfu%C3%9Fd%C3%BCngung\" target=\"_blank\" rel=\"noopener\">fertilizaci\u00f3n subterr\u00e1nea<\/a> para el <a title=\"Nitr\u00f3geno\" href=\"https:\/\/de.wikipedia.org\/wiki\/Stickstoff\" target=\"_blank\" rel=\"noopener\">suministro de nitr\u00f3geno<\/a> a los cultivos. Fue desarrollada a finales de los a\u00f1os 60 por el agr\u00f3nomo de Bonn <a title=\"Karl Sommer (agr\u00f3nomo)\" href=\"https:\/\/de.wikipedia.org\/wiki\/Karl_Sommer_(Agrarwissenschaftler)\" target=\"_blank\" rel=\"noopener\">Karl Sommer<\/a> y se utiliza en <a title=\"Pastizales\" href=\"https:\/\/de.wikipedia.org\/wiki\/Gr%C3%BCnland\" target=\"_blank\" rel=\"noopener\">praderas<\/a>, <a title=\"Cultivos herb\u00e1ceos\" href=\"https:\/\/de.wikipedia.org\/wiki\/Ackerbau\" target=\"_blank\" rel=\"noopener\">cultivos herb\u00e1ceos<\/a> de cereales, ma\u00edz, patatas y remolacha, as\u00ed como en <a title=\"Viticultura\" href=\"https:\/\/de.wikipedia.org\/wiki\/Weinbau\" target=\"_blank\" rel=\"noopener\">viticultura<\/a> y <a title=\"Guarder\u00eda\" href=\"https:\/\/de.wikipedia.org\/wiki\/Baumschule\" target=\"_blank\" rel=\"noopener\">viveros<\/a>. <\/p><p>A diferencia de los m\u00e9todos de fertilizaci\u00f3n convencionales, este m\u00e9todo s\u00f3lo fertiliza las plantas con <a title=\"Amonio\" href=\"https:\/\/de.wikipedia.org\/wiki\/Ammonium\" target=\"_blank\" rel=\"noopener\">amonio<\/a> <sup>(NH4+<\/sup>) en lugar de <a title=\"Nitratos\" href=\"https:\/\/de.wikipedia.org\/wiki\/Nitrate\" target=\"_blank\" rel=\"noopener\">nitratos<\/a> <sub>(NO3-N<\/sub>) una vez durante una <a title=\"Periodo de vegetaci\u00f3n\" href=\"https:\/\/de.wikipedia.org\/wiki\/Vegetationsperiode\" target=\"_blank\" rel=\"noopener\">temporada de cultivo<\/a>. El <a title=\"Abono\" href=\"https:\/\/de.wikipedia.org\/wiki\/D%C3%BCnger\" target=\"_blank\" rel=\"noopener\">abono<\/a> no se aplica al <a title=\"Suelo (edafolog\u00eda)\" href=\"https:\/\/de.wikipedia.org\/wiki\/Boden_(Bodenkunde)\" target=\"_blank\" rel=\"noopener\">suelo<\/a> ni se trabaja en una superficie amplia, sino que se aplica en puntos o franjas.<sup id=\"cite_ref-3\" class=\"reference\"><a href=\"https:\/\/de.wikipedia.org\/wiki\/CULTAN#cite_note-3\" target=\"_blank\" rel=\"noopener\">[3]<\/a><\/sup> en el suelo. <\/p><p>Se utiliza una t\u00e9cnica de inyecci\u00f3n especial para colocar la soluci\u00f3n fertilizante a una profundidad de 7 a 20 cm en el suelo, ligeramente desplazada hacia el lado de las hileras de siembra o plantaci\u00f3n. Para los <a title=\"Cultivo en hileras\" href=\"https:\/\/de.wikipedia.org\/wiki\/Reihenkultur\" target=\"_blank\" rel=\"noopener\">cultivos en hileras<\/a> con mayor separaci\u00f3n entre hileras, como las patatas, la remolacha o el ma\u00edz, esto es t\u00e9cnicamente factible con cierto esfuerzo. Sin embargo, el m\u00e9todo Cultan se utiliza generalmente para cereales y colza con distancias entre hileras de unos 10 cm. Aqu\u00ed no es posible compensar la aplicaci\u00f3n lateralmente; por el contrario, una proporci\u00f3n, aunque peque\u00f1a, de plantas es golpeada y destruida por la t\u00e9cnica de inyecci\u00f3n.   <\/p><p><em>(extracto de Wikipedia)<\/em><\/p>\t\t\t\t\t\t\t\t<\/div>\n\t\t\t\t<\/div>\n\t\t\t\t<div class=\"elementor-element elementor-element-42e8884 elementor-align-left elementor-widget elementor-widget-button\" data-id=\"42e8884\" data-element_type=\"widget\" data-e-type=\"widget\" data-widget_type=\"button.default\">\n\t\t\t\t<div class=\"elementor-widget-container\">\n\t\t\t\t\t\t\t\t\t<div class=\"elementor-button-wrapper\">\n\t\t\t\t\t<a class=\"elementor-button elementor-button-link elementor-size-xs\" href=\"http:\/\/www.cultan.de\/\" target=\"_blank\">\n\t\t\t\t\t\t<span class=\"elementor-button-content-wrapper\">\n\t\t\t\t\t\t<span class=\"elementor-button-icon\">\n\t\t\t\t<i aria-hidden=\"true\" class=\"fas fa-angle-double-right\"><\/i>\t\t\t<\/span>\n\t\t\t\t\t\t\t\t\t<span class=\"elementor-button-text\">Seguir leyendo<\/span>\n\t\t\t\t\t<\/span>\n\t\t\t\t\t<\/a>\n\t\t\t\t<\/div>\n\t\t\t\t\t\t\t\t<\/div>\n\t\t\t\t<\/div>\n\t\t\t\t<div class=\"elementor-element elementor-element-9dc6cd8 elementor-widget elementor-widget-heading\" data-id=\"9dc6cd8\" data-element_type=\"widget\" data-e-type=\"widget\" data-widget_type=\"heading.default\">\n\t\t\t\t<div class=\"elementor-widget-container\">\n\t\t\t\t\t<h4 class=\"elementor-heading-title elementor-size-default\">Comprender la agricultura<\/h4>\t\t\t\t<\/div>\n\t\t\t\t<\/div>\n\t\t\t\t<div class=\"elementor-element elementor-element-a8caf36 elementor-widget elementor-widget-text-editor\" data-id=\"a8caf36\" data-element_type=\"widget\" data-e-type=\"widget\" data-widget_type=\"text-editor.default\">\n\t\t\t\t<div class=\"elementor-widget-container\">\n\t\t\t\t\t\t\t\t\t<p>\u00bfQui\u00e9nes son nuestros agricultores? \u00bfC\u00f3mo trabajan y por qu\u00e9 lo <span class=\"Object\">hacen<\/span>? \u00bfC\u00f3mo se cultivan nuestros cereales, c\u00f3mo se cr\u00edan nuestras vacas, cerdos y pollos? Esta publicaci\u00f3n explora todas estas cuestiones. Una colecci\u00f3n de hechos e informaci\u00f3n de fondo ilustra el funcionamiento de la agricultura moderna para un p\u00fablico amplio, sin ignorar los temas dif\u00edciles.    <\/p>\t\t\t\t\t\t\t\t<\/div>\n\t\t\t\t<\/div>\n\t\t\t\t<div class=\"elementor-element elementor-element-9806fdc elementor-widget elementor-widget-text-editor\" data-id=\"9806fdc\" data-element_type=\"widget\" data-e-type=\"widget\" data-widget_type=\"text-editor.default\">\n\t\t\t\t<div class=\"elementor-widget-container\">\n\t\t\t\t\t\t\t\t\t<p><strong>Esta publicaci\u00f3n es distribuida gratuitamente por el BMEL.<\/strong><\/p>\t\t\t\t\t\t\t\t<\/div>\n\t\t\t\t<\/div>\n\t\t\t\t<div class=\"elementor-element elementor-element-60053509 elementor-align-left elementor-widget elementor-widget-button\" data-id=\"60053509\" data-element_type=\"widget\" data-e-type=\"widget\" data-widget_type=\"button.default\">\n\t\t\t\t<div class=\"elementor-widget-container\">\n\t\t\t\t\t\t\t\t\t<div class=\"elementor-button-wrapper\">\n\t\t\t\t\t<a class=\"elementor-button elementor-button-link elementor-size-xs\" href=\"https:\/\/www.bmel.de\/SharedDocs\/Downloads\/DE\/Broschueren\/Landwirtschaft-verstehen.html\" target=\"_blank\">\n\t\t\t\t\t\t<span class=\"elementor-button-content-wrapper\">\n\t\t\t\t\t\t<span class=\"elementor-button-icon\">\n\t\t\t\t<i aria-hidden=\"true\" class=\"fas fa-angle-double-right\"><\/i>\t\t\t<\/span>\n\t\t\t\t\t\t\t\t\t<span class=\"elementor-button-text\">Seguir leyendo<\/span>\n\t\t\t\t\t<\/span>\n\t\t\t\t\t<\/a>\n\t\t\t\t<\/div>\n\t\t\t\t\t\t\t\t<\/div>\n\t\t\t\t<\/div>\n\t\t\t\t\t<\/div>\n\t\t<\/div>\n\t\t\t\t\t<\/div>\n\t\t<\/section>\n\t\t\t\t<\/div>\n\t\t","protected":false},"excerpt":{"rendered":"<p>Explicado f\u00e1cilmente Factfeeder BIOGAS En nuestro alimentador de datos sobre biog\u00e1s encontrar\u00e1 interesantes art\u00edculos, v\u00eddeos y descargas sobre diversos temas relacionados con el biog\u00e1s. Datos e informaci\u00f3n general en el alimentador de datos sobre biog\u00e1s Tecnolog\u00eda CULTAN CULTAN(Controlled Uptake Long Term Ammonium Nutrition) es una forma poco com\u00fan de fertilizaci\u00f3n subterr\u00e1nea para el suministro de [&hellip;]<\/p>\n","protected":false},"author":154380550,"featured_media":0,"parent":22624,"menu_order":0,"comment_status":"closed","ping_status":"closed","template":"elementor_theme","meta":{"_acf_changed":false,"footnotes":""},"class_list":["post-22662","page","type-page","status-publish","hentry"],"acf":[],"yoast_head":"<!-- This site is optimized with the Yoast SEO plugin v27.0 - https:\/\/yoast.com\/product\/yoast-seo-wordpress\/ -->\n<title>Factfeeder Biogas - El conocimiento es un valor a\u00f1adido - Biogastechnik S\u00fcd Isny Allg\u00e4u<\/title>\n<meta name=\"description\" content=\"Factfeeder Biogas - \u00bfNecesita m\u00e1s informaci\u00f3n? El hashtag #factfeeder te ofrece art\u00edculos, v\u00eddeos y blogs interesantes.\" \/>\n<meta name=\"robots\" content=\"index, follow, max-snippet:-1, max-image-preview:large, max-video-preview:-1\" \/>\n<link rel=\"canonical\" href=\"https:\/\/biogastechnik-sued.de\/es\/inicio\/quienes-somos\/factfeeder\/\" \/>\n<meta property=\"og:locale\" content=\"es_ES\" \/>\n<meta property=\"og:type\" content=\"article\" \/>\n<meta property=\"og:title\" content=\"Factfeeder Biogas - El conocimiento es un valor a\u00f1adido - Biogastechnik S\u00fcd Isny Allg\u00e4u\" \/>\n<meta property=\"og:description\" content=\"Factfeeder Biogas - \u00bfNecesita m\u00e1s informaci\u00f3n? El hashtag #factfeeder te ofrece art\u00edculos, v\u00eddeos y blogs interesantes.\" \/>\n<meta property=\"og:url\" content=\"https:\/\/biogastechnik-sued.de\/es\/inicio\/quienes-somos\/factfeeder\/\" \/>\n<meta property=\"og:site_name\" content=\"Biogastechnik S\u00fcd GmbH\" \/>\n<meta property=\"article:publisher\" content=\"https:\/\/www.facebook.com\/biogastechniksued\" \/>\n<meta property=\"article:modified_time\" content=\"2025-07-28T12:54:38+00:00\" \/>\n<meta name=\"twitter:card\" content=\"summary_large_image\" \/>\n<meta name=\"twitter:site\" content=\"@BTsued\" \/>\n<meta name=\"twitter:label1\" content=\"Tiempo de lectura\" \/>\n\t<meta name=\"twitter:data1\" content=\"2 minutos\" \/>\n<script type=\"application\/ld+json\" class=\"yoast-schema-graph\">{\"@context\":\"https:\/\/schema.org\",\"@graph\":[{\"@type\":\"WebPage\",\"@id\":\"https:\/\/biogastechnik-sued.de\/es\/inicio\/quienes-somos\/factfeeder\/\",\"url\":\"https:\/\/biogastechnik-sued.de\/es\/inicio\/quienes-somos\/factfeeder\/\",\"name\":\"Factfeeder Biogas - El conocimiento es un valor a\u00f1adido - Biogastechnik S\u00fcd Isny Allg\u00e4u\",\"isPartOf\":{\"@id\":\"https:\/\/biogastechnik-sued.de\/es\/#website\"},\"datePublished\":\"2024-04-19T05:41:50+00:00\",\"dateModified\":\"2025-07-28T12:54:38+00:00\",\"description\":\"Factfeeder Biogas - \u00bfNecesita m\u00e1s informaci\u00f3n? El hashtag #factfeeder te ofrece art\u00edculos, v\u00eddeos y blogs interesantes.\",\"breadcrumb\":{\"@id\":\"https:\/\/biogastechnik-sued.de\/es\/inicio\/quienes-somos\/factfeeder\/#breadcrumb\"},\"inLanguage\":\"es\",\"potentialAction\":[{\"@type\":\"ReadAction\",\"target\":[\"https:\/\/biogastechnik-sued.de\/es\/inicio\/quienes-somos\/factfeeder\/\"]}]},{\"@type\":\"BreadcrumbList\",\"@id\":\"https:\/\/biogastechnik-sued.de\/es\/inicio\/quienes-somos\/factfeeder\/#breadcrumb\",\"itemListElement\":[{\"@type\":\"ListItem\",\"position\":1,\"name\":\"Inicio\",\"item\":\"https:\/\/biogastechnik-sued.de\/es\/inicio\/\"},{\"@type\":\"ListItem\",\"position\":2,\"name\":\"Sobre nosotros\",\"item\":\"https:\/\/biogastechnik-sued.de\/es\/inicio\/quienes-somos\/\"},{\"@type\":\"ListItem\",\"position\":3,\"name\":\"Factfeeder\"}]},{\"@type\":\"WebSite\",\"@id\":\"https:\/\/biogastechnik-sued.de\/es\/#website\",\"url\":\"https:\/\/biogastechnik-sued.de\/es\/\",\"name\":\"Biogastechnik S\u00fcd GmbH\",\"description\":\"Aus der Praxis, f\u00fcr die Praxis.\",\"publisher\":{\"@id\":\"https:\/\/biogastechnik-sued.de\/es\/#organization\"},\"potentialAction\":[{\"@type\":\"SearchAction\",\"target\":{\"@type\":\"EntryPoint\",\"urlTemplate\":\"https:\/\/biogastechnik-sued.de\/es\/?s={search_term_string}\"},\"query-input\":{\"@type\":\"PropertyValueSpecification\",\"valueRequired\":true,\"valueName\":\"search_term_string\"}}],\"inLanguage\":\"es\"},{\"@type\":\"Organization\",\"@id\":\"https:\/\/biogastechnik-sued.de\/es\/#organization\",\"name\":\"Biogastechnik S\u00fcd GmbH\",\"url\":\"https:\/\/biogastechnik-sued.de\/es\/\",\"logo\":{\"@type\":\"ImageObject\",\"inLanguage\":\"es\",\"@id\":\"https:\/\/biogastechnik-sued.de\/es\/#\/schema\/logo\/image\/\",\"url\":\"\",\"contentUrl\":\"\",\"caption\":\"Biogastechnik S\u00fcd GmbH\"},\"image\":{\"@id\":\"https:\/\/biogastechnik-sued.de\/es\/#\/schema\/logo\/image\/\"},\"sameAs\":[\"https:\/\/www.facebook.com\/biogastechniksued\",\"https:\/\/x.com\/BTsued\",\"https:\/\/www.instagram.com\/btsued\",\"https:\/\/www.youtube.com\/channel\/UCMH0VQD8-sWVF6Wc5vbMqtg\"]}]}<\/script>\n<!-- \/ Yoast SEO plugin. -->","yoast_head_json":{"title":"Factfeeder Biogas - El conocimiento es un valor a\u00f1adido - Biogastechnik S\u00fcd Isny Allg\u00e4u","description":"Factfeeder Biogas - \u00bfNecesita m\u00e1s informaci\u00f3n? El hashtag #factfeeder te ofrece art\u00edculos, v\u00eddeos y blogs interesantes.","robots":{"index":"index","follow":"follow","max-snippet":"max-snippet:-1","max-image-preview":"max-image-preview:large","max-video-preview":"max-video-preview:-1"},"canonical":"https:\/\/biogastechnik-sued.de\/es\/inicio\/quienes-somos\/factfeeder\/","og_locale":"es_ES","og_type":"article","og_title":"Factfeeder Biogas - El conocimiento es un valor a\u00f1adido - Biogastechnik S\u00fcd Isny Allg\u00e4u","og_description":"Factfeeder Biogas - \u00bfNecesita m\u00e1s informaci\u00f3n? El hashtag #factfeeder te ofrece art\u00edculos, v\u00eddeos y blogs interesantes.","og_url":"https:\/\/biogastechnik-sued.de\/es\/inicio\/quienes-somos\/factfeeder\/","og_site_name":"Biogastechnik S\u00fcd GmbH","article_publisher":"https:\/\/www.facebook.com\/biogastechniksued","article_modified_time":"2025-07-28T12:54:38+00:00","twitter_card":"summary_large_image","twitter_site":"@BTsued","twitter_misc":{"Tiempo de lectura":"2 minutos"},"schema":{"@context":"https:\/\/schema.org","@graph":[{"@type":"WebPage","@id":"https:\/\/biogastechnik-sued.de\/es\/inicio\/quienes-somos\/factfeeder\/","url":"https:\/\/biogastechnik-sued.de\/es\/inicio\/quienes-somos\/factfeeder\/","name":"Factfeeder Biogas - El conocimiento es un valor a\u00f1adido - Biogastechnik S\u00fcd Isny Allg\u00e4u","isPartOf":{"@id":"https:\/\/biogastechnik-sued.de\/es\/#website"},"datePublished":"2024-04-19T05:41:50+00:00","dateModified":"2025-07-28T12:54:38+00:00","description":"Factfeeder Biogas - \u00bfNecesita m\u00e1s informaci\u00f3n? El hashtag #factfeeder te ofrece art\u00edculos, v\u00eddeos y blogs interesantes.","breadcrumb":{"@id":"https:\/\/biogastechnik-sued.de\/es\/inicio\/quienes-somos\/factfeeder\/#breadcrumb"},"inLanguage":"es","potentialAction":[{"@type":"ReadAction","target":["https:\/\/biogastechnik-sued.de\/es\/inicio\/quienes-somos\/factfeeder\/"]}]},{"@type":"BreadcrumbList","@id":"https:\/\/biogastechnik-sued.de\/es\/inicio\/quienes-somos\/factfeeder\/#breadcrumb","itemListElement":[{"@type":"ListItem","position":1,"name":"Inicio","item":"https:\/\/biogastechnik-sued.de\/es\/inicio\/"},{"@type":"ListItem","position":2,"name":"Sobre nosotros","item":"https:\/\/biogastechnik-sued.de\/es\/inicio\/quienes-somos\/"},{"@type":"ListItem","position":3,"name":"Factfeeder"}]},{"@type":"WebSite","@id":"https:\/\/biogastechnik-sued.de\/es\/#website","url":"https:\/\/biogastechnik-sued.de\/es\/","name":"Biogastechnik S\u00fcd GmbH","description":"Aus der Praxis, f\u00fcr die Praxis.","publisher":{"@id":"https:\/\/biogastechnik-sued.de\/es\/#organization"},"potentialAction":[{"@type":"SearchAction","target":{"@type":"EntryPoint","urlTemplate":"https:\/\/biogastechnik-sued.de\/es\/?s={search_term_string}"},"query-input":{"@type":"PropertyValueSpecification","valueRequired":true,"valueName":"search_term_string"}}],"inLanguage":"es"},{"@type":"Organization","@id":"https:\/\/biogastechnik-sued.de\/es\/#organization","name":"Biogastechnik S\u00fcd GmbH","url":"https:\/\/biogastechnik-sued.de\/es\/","logo":{"@type":"ImageObject","inLanguage":"es","@id":"https:\/\/biogastechnik-sued.de\/es\/#\/schema\/logo\/image\/","url":"","contentUrl":"","caption":"Biogastechnik S\u00fcd GmbH"},"image":{"@id":"https:\/\/biogastechnik-sued.de\/es\/#\/schema\/logo\/image\/"},"sameAs":["https:\/\/www.facebook.com\/biogastechniksued","https:\/\/x.com\/BTsued","https:\/\/www.instagram.com\/btsued","https:\/\/www.youtube.com\/channel\/UCMH0VQD8-sWVF6Wc5vbMqtg"]}]}},"jetpack_shortlink":"https:\/\/wp.me\/PaOez7-5Tw","jetpack_sharing_enabled":true,"_links":{"self":[{"href":"https:\/\/biogastechnik-sued.de\/es\/wp-json\/wp\/v2\/pages\/22662","targetHints":{"allow":["GET"]}}],"collection":[{"href":"https:\/\/biogastechnik-sued.de\/es\/wp-json\/wp\/v2\/pages"}],"about":[{"href":"https:\/\/biogastechnik-sued.de\/es\/wp-json\/wp\/v2\/types\/page"}],"author":[{"embeddable":true,"href":"https:\/\/biogastechnik-sued.de\/es\/wp-json\/wp\/v2\/users\/154380550"}],"replies":[{"embeddable":true,"href":"https:\/\/biogastechnik-sued.de\/es\/wp-json\/wp\/v2\/comments?post=22662"}],"version-history":[{"count":2,"href":"https:\/\/biogastechnik-sued.de\/es\/wp-json\/wp\/v2\/pages\/22662\/revisions"}],"predecessor-version":[{"id":28834,"href":"https:\/\/biogastechnik-sued.de\/es\/wp-json\/wp\/v2\/pages\/22662\/revisions\/28834"}],"up":[{"embeddable":true,"href":"https:\/\/biogastechnik-sued.de\/es\/wp-json\/wp\/v2\/pages\/22624"}],"wp:attachment":[{"href":"https:\/\/biogastechnik-sued.de\/es\/wp-json\/wp\/v2\/media?parent=22662"}],"curies":[{"name":"wp","href":"https:\/\/api.w.org\/{rel}","templated":true}]}}