{"id":28832,"date":"2025-07-28T14:54:36","date_gmt":"2025-07-28T12:54:36","guid":{"rendered":"https:\/\/biogastechnik-sued.de\/inicio\/quienes-somos\/nuestras-innovaciones\/"},"modified":"2025-07-28T14:54:37","modified_gmt":"2025-07-28T12:54:37","slug":"nuestras-innovaciones","status":"publish","type":"page","link":"https:\/\/biogastechnik-sued.de\/es\/inicio\/quienes-somos\/nuestras-innovaciones\/","title":{"rendered":"Nuestras innovaciones"},"content":{"rendered":"\t\t<div data-elementor-type=\"wp-page\" data-elementor-id=\"28832\" class=\"elementor elementor-28832 elementor-14297\" data-elementor-post-type=\"page\">\n\t\t\t\t\t\t<section class=\"elementor-section elementor-top-section elementor-element elementor-element-6d959dc elementor-section-boxed elementor-section-height-default elementor-section-height-default\" data-id=\"6d959dc\" data-element_type=\"section\" data-e-type=\"section\">\n\t\t\t\t\t\t<div class=\"elementor-container elementor-column-gap-default\">\n\t\t\t\t\t<div class=\"elementor-column elementor-col-100 elementor-top-column elementor-element elementor-element-676394e\" data-id=\"676394e\" data-element_type=\"column\" data-e-type=\"column\">\n\t\t\t<div class=\"elementor-widget-wrap elementor-element-populated\">\n\t\t\t\t\t\t<div class=\"elementor-element elementor-element-6e59ee7 elementor-view-default elementor-position-block-start elementor-mobile-position-block-start elementor-widget elementor-widget-icon-box\" data-id=\"6e59ee7\" data-element_type=\"widget\" data-e-type=\"widget\" data-widget_type=\"icon-box.default\">\n\t\t\t\t<div class=\"elementor-widget-container\">\n\t\t\t\t\t\t\t<div class=\"elementor-icon-box-wrapper\">\n\n\t\t\t\t\t\t<div class=\"elementor-icon-box-icon\">\n\t\t\t\t<span  class=\"elementor-icon\">\n\t\t\t\t<i aria-hidden=\"true\" class=\"fas fa-hourglass-half\"><\/i>\t\t\t\t<\/span>\n\t\t\t<\/div>\n\t\t\t\n\t\t\t\t\t\t<div class=\"elementor-icon-box-content\">\n\n\t\t\t\t\t\t\t\t\t<h3 class=\"elementor-icon-box-title\">\n\t\t\t\t\t\t<span  >\n\t\t\t\t\t\t\tdisponible pr\u00f3ximamente\t\t\t\t\t\t<\/span>\n\t\t\t\t\t<\/h3>\n\t\t\t\t\n\t\t\t\t\t\t\t\t\t<p class=\"elementor-icon-box-description\">\n\t\t\t\t\t\tEst\u00e9 atento a nuestras innovaciones y patentes, que le presentaremos en esta p\u00e1gina.\t\t\t\t\t<\/p>\n\t\t\t\t\n\t\t\t<\/div>\n\t\t\t\n\t\t<\/div>\n\t\t\t\t\t\t<\/div>\n\t\t\t\t<\/div>\n\t\t\t\t\t<\/div>\n\t\t<\/div>\n\t\t\t\t\t<\/div>\n\t\t<\/section>\n\t\t\t\t<section class=\"elementor-section elementor-top-section elementor-element elementor-element-a221103 elementor-hidden-desktop elementor-hidden-tablet elementor-hidden-mobile elementor-section-boxed elementor-section-height-default elementor-section-height-default\" data-id=\"a221103\" data-element_type=\"section\" data-e-type=\"section\">\n\t\t\t\t\t\t<div class=\"elementor-container elementor-column-gap-default\">\n\t\t\t\t\t<div class=\"elementor-column elementor-col-100 elementor-top-column elementor-element elementor-element-f373961\" data-id=\"f373961\" data-element_type=\"column\" data-e-type=\"column\">\n\t\t\t<div class=\"elementor-widget-wrap\">\n\t\t\t\t\t\t\t<\/div>\n\t\t<\/div>\n\t\t\t\t\t<\/div>\n\t\t<\/section>\n\t\t\t\t<\/div>\n\t\t","protected":false},"excerpt":{"rendered":"<p>disponible pr\u00f3ximamente Est\u00e9 atento a nuestras innovaciones y patentes, que le presentaremos en esta p\u00e1gina.<\/p>\n","protected":false},"author":154380550,"featured_media":0,"parent":22624,"menu_order":0,"comment_status":"closed","ping_status":"closed","template":"elementor_theme","meta":{"_acf_changed":false,"footnotes":""},"class_list":["post-28832","page","type-page","status-publish","hentry"],"acf":[],"yoast_head":"<!-- This site is optimized with the Yoast SEO plugin v27.4 - https:\/\/yoast.com\/product\/yoast-seo-wordpress\/ -->\n<title>Nuestras innovaciones - Biogastechnik S\u00fcd GmbH<\/title>\n<meta name=\"robots\" content=\"index, follow, max-snippet:-1, max-image-preview:large, max-video-preview:-1\" \/>\n<link rel=\"canonical\" href=\"https:\/\/biogastechnik-sued.de\/es\/inicio\/quienes-somos\/nuestras-innovaciones\/\" \/>\n<meta property=\"og:locale\" content=\"es_ES\" \/>\n<meta property=\"og:type\" content=\"article\" \/>\n<meta property=\"og:title\" content=\"Nuestras innovaciones - Biogastechnik S\u00fcd GmbH\" \/>\n<meta property=\"og:description\" content=\"disponible pr\u00f3ximamente Est\u00e9 atento a nuestras innovaciones y patentes, que le presentaremos en esta p\u00e1gina.\" \/>\n<meta property=\"og:url\" content=\"https:\/\/biogastechnik-sued.de\/es\/inicio\/quienes-somos\/nuestras-innovaciones\/\" \/>\n<meta property=\"og:site_name\" content=\"Biogastechnik S\u00fcd GmbH\" \/>\n<meta property=\"article:publisher\" content=\"https:\/\/www.facebook.com\/biogastechniksued\" \/>\n<meta property=\"article:modified_time\" content=\"2025-07-28T12:54:37+00:00\" \/>\n<meta name=\"twitter:card\" content=\"summary_large_image\" \/>\n<meta name=\"twitter:site\" content=\"@BTsued\" \/>\n<script type=\"application\/ld+json\" class=\"yoast-schema-graph\">{\"@context\":\"https:\\\/\\\/schema.org\",\"@graph\":[{\"@type\":\"WebPage\",\"@id\":\"https:\\\/\\\/biogastechnik-sued.de\\\/es\\\/inicio\\\/quienes-somos\\\/nuestras-innovaciones\\\/\",\"url\":\"https:\\\/\\\/biogastechnik-sued.de\\\/es\\\/inicio\\\/quienes-somos\\\/nuestras-innovaciones\\\/\",\"name\":\"Nuestras innovaciones - Biogastechnik S\u00fcd GmbH\",\"isPartOf\":{\"@id\":\"https:\\\/\\\/biogastechnik-sued.de\\\/es\\\/#website\"},\"datePublished\":\"2025-07-28T12:54:36+00:00\",\"dateModified\":\"2025-07-28T12:54:37+00:00\",\"breadcrumb\":{\"@id\":\"https:\\\/\\\/biogastechnik-sued.de\\\/es\\\/inicio\\\/quienes-somos\\\/nuestras-innovaciones\\\/#breadcrumb\"},\"inLanguage\":\"es\",\"potentialAction\":[{\"@type\":\"ReadAction\",\"target\":[\"https:\\\/\\\/biogastechnik-sued.de\\\/es\\\/inicio\\\/quienes-somos\\\/nuestras-innovaciones\\\/\"]}]},{\"@type\":\"BreadcrumbList\",\"@id\":\"https:\\\/\\\/biogastechnik-sued.de\\\/es\\\/inicio\\\/quienes-somos\\\/nuestras-innovaciones\\\/#breadcrumb\",\"itemListElement\":[{\"@type\":\"ListItem\",\"position\":1,\"name\":\"Inicio\",\"item\":\"https:\\\/\\\/biogastechnik-sued.de\\\/es\\\/inicio\\\/\"},{\"@type\":\"ListItem\",\"position\":2,\"name\":\"Sobre nosotros\",\"item\":\"https:\\\/\\\/biogastechnik-sued.de\\\/es\\\/inicio\\\/quienes-somos\\\/\"},{\"@type\":\"ListItem\",\"position\":3,\"name\":\"Nuestras innovaciones\"}]},{\"@type\":\"WebSite\",\"@id\":\"https:\\\/\\\/biogastechnik-sued.de\\\/es\\\/#website\",\"url\":\"https:\\\/\\\/biogastechnik-sued.de\\\/es\\\/\",\"name\":\"Biogastechnik S\u00fcd GmbH\",\"description\":\"Aus der Praxis, f\u00fcr die Praxis.\",\"publisher\":{\"@id\":\"https:\\\/\\\/biogastechnik-sued.de\\\/es\\\/#organization\"},\"potentialAction\":[{\"@type\":\"SearchAction\",\"target\":{\"@type\":\"EntryPoint\",\"urlTemplate\":\"https:\\\/\\\/biogastechnik-sued.de\\\/es\\\/?s={search_term_string}\"},\"query-input\":{\"@type\":\"PropertyValueSpecification\",\"valueRequired\":true,\"valueName\":\"search_term_string\"}}],\"inLanguage\":\"es\"},{\"@type\":\"Organization\",\"@id\":\"https:\\\/\\\/biogastechnik-sued.de\\\/es\\\/#organization\",\"name\":\"Biogastechnik S\u00fcd GmbH\",\"url\":\"https:\\\/\\\/biogastechnik-sued.de\\\/es\\\/\",\"logo\":{\"@type\":\"ImageObject\",\"inLanguage\":\"es\",\"@id\":\"https:\\\/\\\/biogastechnik-sued.de\\\/es\\\/#\\\/schema\\\/logo\\\/image\\\/\",\"url\":\"\",\"contentUrl\":\"\",\"caption\":\"Biogastechnik S\u00fcd GmbH\"},\"image\":{\"@id\":\"https:\\\/\\\/biogastechnik-sued.de\\\/es\\\/#\\\/schema\\\/logo\\\/image\\\/\"},\"sameAs\":[\"https:\\\/\\\/www.facebook.com\\\/biogastechniksued\",\"https:\\\/\\\/x.com\\\/BTsued\",\"https:\\\/\\\/www.instagram.com\\\/btsued\",\"https:\\\/\\\/www.youtube.com\\\/channel\\\/UCMH0VQD8-sWVF6Wc5vbMqtg\"]}]}<\/script>\n<!-- \/ Yoast SEO plugin. -->","yoast_head_json":{"title":"Nuestras innovaciones - Biogastechnik S\u00fcd GmbH","robots":{"index":"index","follow":"follow","max-snippet":"max-snippet:-1","max-image-preview":"max-image-preview:large","max-video-preview":"max-video-preview:-1"},"canonical":"https:\/\/biogastechnik-sued.de\/es\/inicio\/quienes-somos\/nuestras-innovaciones\/","og_locale":"es_ES","og_type":"article","og_title":"Nuestras innovaciones - Biogastechnik S\u00fcd GmbH","og_description":"disponible pr\u00f3ximamente Est\u00e9 atento a nuestras innovaciones y patentes, que le presentaremos en esta p\u00e1gina.","og_url":"https:\/\/biogastechnik-sued.de\/es\/inicio\/quienes-somos\/nuestras-innovaciones\/","og_site_name":"Biogastechnik S\u00fcd GmbH","article_publisher":"https:\/\/www.facebook.com\/biogastechniksued","article_modified_time":"2025-07-28T12:54:37+00:00","twitter_card":"summary_large_image","twitter_site":"@BTsued","schema":{"@context":"https:\/\/schema.org","@graph":[{"@type":"WebPage","@id":"https:\/\/biogastechnik-sued.de\/es\/inicio\/quienes-somos\/nuestras-innovaciones\/","url":"https:\/\/biogastechnik-sued.de\/es\/inicio\/quienes-somos\/nuestras-innovaciones\/","name":"Nuestras innovaciones - Biogastechnik S\u00fcd GmbH","isPartOf":{"@id":"https:\/\/biogastechnik-sued.de\/es\/#website"},"datePublished":"2025-07-28T12:54:36+00:00","dateModified":"2025-07-28T12:54:37+00:00","breadcrumb":{"@id":"https:\/\/biogastechnik-sued.de\/es\/inicio\/quienes-somos\/nuestras-innovaciones\/#breadcrumb"},"inLanguage":"es","potentialAction":[{"@type":"ReadAction","target":["https:\/\/biogastechnik-sued.de\/es\/inicio\/quienes-somos\/nuestras-innovaciones\/"]}]},{"@type":"BreadcrumbList","@id":"https:\/\/biogastechnik-sued.de\/es\/inicio\/quienes-somos\/nuestras-innovaciones\/#breadcrumb","itemListElement":[{"@type":"ListItem","position":1,"name":"Inicio","item":"https:\/\/biogastechnik-sued.de\/es\/inicio\/"},{"@type":"ListItem","position":2,"name":"Sobre nosotros","item":"https:\/\/biogastechnik-sued.de\/es\/inicio\/quienes-somos\/"},{"@type":"ListItem","position":3,"name":"Nuestras innovaciones"}]},{"@type":"WebSite","@id":"https:\/\/biogastechnik-sued.de\/es\/#website","url":"https:\/\/biogastechnik-sued.de\/es\/","name":"Biogastechnik S\u00fcd GmbH","description":"Aus der Praxis, f\u00fcr die Praxis.","publisher":{"@id":"https:\/\/biogastechnik-sued.de\/es\/#organization"},"potentialAction":[{"@type":"SearchAction","target":{"@type":"EntryPoint","urlTemplate":"https:\/\/biogastechnik-sued.de\/es\/?s={search_term_string}"},"query-input":{"@type":"PropertyValueSpecification","valueRequired":true,"valueName":"search_term_string"}}],"inLanguage":"es"},{"@type":"Organization","@id":"https:\/\/biogastechnik-sued.de\/es\/#organization","name":"Biogastechnik S\u00fcd GmbH","url":"https:\/\/biogastechnik-sued.de\/es\/","logo":{"@type":"ImageObject","inLanguage":"es","@id":"https:\/\/biogastechnik-sued.de\/es\/#\/schema\/logo\/image\/","url":"","contentUrl":"","caption":"Biogastechnik S\u00fcd GmbH"},"image":{"@id":"https:\/\/biogastechnik-sued.de\/es\/#\/schema\/logo\/image\/"},"sameAs":["https:\/\/www.facebook.com\/biogastechniksued","https:\/\/x.com\/BTsued","https:\/\/www.instagram.com\/btsued","https:\/\/www.youtube.com\/channel\/UCMH0VQD8-sWVF6Wc5vbMqtg"]}]}},"jetpack_shortlink":"https:\/\/wp.me\/PaOez7-7v2","jetpack_sharing_enabled":true,"_links":{"self":[{"href":"https:\/\/biogastechnik-sued.de\/es\/wp-json\/wp\/v2\/pages\/28832","targetHints":{"allow":["GET"]}}],"collection":[{"href":"https:\/\/biogastechnik-sued.de\/es\/wp-json\/wp\/v2\/pages"}],"about":[{"href":"https:\/\/biogastechnik-sued.de\/es\/wp-json\/wp\/v2\/types\/page"}],"author":[{"embeddable":true,"href":"https:\/\/biogastechnik-sued.de\/es\/wp-json\/wp\/v2\/users\/154380550"}],"replies":[{"embeddable":true,"href":"https:\/\/biogastechnik-sued.de\/es\/wp-json\/wp\/v2\/comments?post=28832"}],"version-history":[{"count":1,"href":"https:\/\/biogastechnik-sued.de\/es\/wp-json\/wp\/v2\/pages\/28832\/revisions"}],"predecessor-version":[{"id":28833,"href":"https:\/\/biogastechnik-sued.de\/es\/wp-json\/wp\/v2\/pages\/28832\/revisions\/28833"}],"up":[{"embeddable":true,"href":"https:\/\/biogastechnik-sued.de\/es\/wp-json\/wp\/v2\/pages\/22624"}],"wp:attachment":[{"href":"https:\/\/biogastechnik-sued.de\/es\/wp-json\/wp\/v2\/media?parent=28832"}],"curies":[{"name":"wp","href":"https:\/\/api.w.org\/{rel}","templated":true}]}}