{"id":29599,"date":"2025-11-26T14:04:52","date_gmt":"2025-11-26T13:04:52","guid":{"rendered":"https:\/\/biogastechnik-sued.de\/vacaciones-de-la-empresa-y-horarios-de-apertura-navidad-ano-nuevo-2025-2026\/"},"modified":"2025-11-26T14:04:52","modified_gmt":"2025-11-26T13:04:52","slug":"vacaciones-de-la-empresa-y-horarios-de-apertura-navidad-ano-nuevo-2025-2026","status":"publish","type":"page","link":"https:\/\/biogastechnik-sued.de\/es\/vacaciones-de-la-empresa-y-horarios-de-apertura-navidad-ano-nuevo-2025-2026\/","title":{"rendered":"Vacaciones de la empresa y horarios de apertura Navidad\/A\u00f1o Nuevo 2025\/2026"},"content":{"rendered":"\t\t<div data-elementor-type=\"wp-page\" data-elementor-id=\"29599\" class=\"elementor elementor-29599 elementor-29528\" data-elementor-post-type=\"page\">\n\t\t\t\t\t\t<section class=\"elementor-section elementor-top-section elementor-element elementor-element-d1bd6ac elementor-section-full_width elementor-section-height-default elementor-section-height-default\" data-id=\"d1bd6ac\" data-element_type=\"section\" data-e-type=\"section\">\n\t\t\t\t\t\t<div class=\"elementor-container elementor-column-gap-default\">\n\t\t\t\t\t<div class=\"elementor-column elementor-col-100 elementor-top-column elementor-element elementor-element-b5200c2\" data-id=\"b5200c2\" data-element_type=\"column\" data-e-type=\"column\">\n\t\t\t<div class=\"elementor-widget-wrap elementor-element-populated\">\n\t\t\t\t\t\t<div class=\"elementor-element elementor-element-6a38cc3 elementor-widget elementor-widget-image\" data-id=\"6a38cc3\" data-element_type=\"widget\" data-e-type=\"widget\" data-widget_type=\"image.default\">\n\t\t\t\t<div class=\"elementor-widget-container\">\n\t\t\t\t\t\t\t\t\t\t\t\t\t\t\t<img fetchpriority=\"high\" decoding=\"async\" data-attachment-id=\"29567\" data-permalink=\"https:\/\/biogastechnik-sued.de\/es\/betriebsurlaub-und-oeffnungszeiten-weihnachten-neujahr-2025-2026\/biogastechnik-suer-oeffnungszeiten-jahrewechsel-weihnachten\/\" data-orig-file=\"https:\/\/biogastechnik-sued.de\/wp-content\/uploads\/2025\/11\/Biogastechnik-Suer-Oeffnungszeiten-Jahrewechsel-Weihnachten.webp\" data-orig-size=\"4512,796\" data-comments-opened=\"1\" data-image-meta=\"{&quot;aperture&quot;:&quot;0&quot;,&quot;credit&quot;:&quot;&quot;,&quot;camera&quot;:&quot;&quot;,&quot;caption&quot;:&quot;&quot;,&quot;created_timestamp&quot;:&quot;0&quot;,&quot;copyright&quot;:&quot;&quot;,&quot;focal_length&quot;:&quot;0&quot;,&quot;iso&quot;:&quot;0&quot;,&quot;shutter_speed&quot;:&quot;0&quot;,&quot;title&quot;:&quot;&quot;,&quot;orientation&quot;:&quot;0&quot;}\" data-image-title=\"Biogastechnik Su\u0308r O\u0308ffnungszeiten Jahrewechsel Weihnachten\" data-image-description=\"\" data-image-caption=\"\" data-large-file=\"https:\/\/biogastechnik-sued.de\/wp-content\/uploads\/2025\/11\/Biogastechnik-Suer-Oeffnungszeiten-Jahrewechsel-Weihnachten-1024x181.webp\" width=\"4512\" height=\"796\" src=\"https:\/\/biogastechnik-sued.de\/wp-content\/uploads\/2025\/11\/Biogastechnik-Suer-Oeffnungszeiten-Jahrewechsel-Weihnachten.webp\" class=\"attachment-full size-full wp-image-29567\" alt=\"\" srcset=\"https:\/\/biogastechnik-sued.de\/wp-content\/uploads\/2025\/11\/Biogastechnik-Suer-Oeffnungszeiten-Jahrewechsel-Weihnachten.webp 4512w, https:\/\/biogastechnik-sued.de\/wp-content\/uploads\/2025\/11\/Biogastechnik-Suer-Oeffnungszeiten-Jahrewechsel-Weihnachten-300x53.webp 300w, https:\/\/biogastechnik-sued.de\/wp-content\/uploads\/2025\/11\/Biogastechnik-Suer-Oeffnungszeiten-Jahrewechsel-Weihnachten-1024x181.webp 1024w, https:\/\/biogastechnik-sued.de\/wp-content\/uploads\/2025\/11\/Biogastechnik-Suer-Oeffnungszeiten-Jahrewechsel-Weihnachten-768x135.webp 768w, https:\/\/biogastechnik-sued.de\/wp-content\/uploads\/2025\/11\/Biogastechnik-Suer-Oeffnungszeiten-Jahrewechsel-Weihnachten-1536x271.webp 1536w, https:\/\/biogastechnik-sued.de\/wp-content\/uploads\/2025\/11\/Biogastechnik-Suer-Oeffnungszeiten-Jahrewechsel-Weihnachten-2048x361.webp 2048w\" sizes=\"(max-width: 4512px) 100vw, 4512px\" data-attachment-id=\"29567\" data-permalink=\"https:\/\/biogastechnik-sued.de\/es\/betriebsurlaub-und-oeffnungszeiten-weihnachten-neujahr-2025-2026\/biogastechnik-suer-oeffnungszeiten-jahrewechsel-weihnachten\/\" data-orig-file=\"https:\/\/biogastechnik-sued.de\/wp-content\/uploads\/2025\/11\/Biogastechnik-Suer-Oeffnungszeiten-Jahrewechsel-Weihnachten.webp\" data-orig-size=\"4512,796\" data-comments-opened=\"1\" data-image-meta=\"{&quot;aperture&quot;:&quot;0&quot;,&quot;credit&quot;:&quot;&quot;,&quot;camera&quot;:&quot;&quot;,&quot;caption&quot;:&quot;&quot;,&quot;created_timestamp&quot;:&quot;0&quot;,&quot;copyright&quot;:&quot;&quot;,&quot;focal_length&quot;:&quot;0&quot;,&quot;iso&quot;:&quot;0&quot;,&quot;shutter_speed&quot;:&quot;0&quot;,&quot;title&quot;:&quot;&quot;,&quot;orientation&quot;:&quot;0&quot;}\" data-image-title=\"Biogastechnik Su\u0308r O\u0308ffnungszeiten Jahrewechsel Weihnachten\" data-image-description=\"\" data-image-caption=\"\" data-large-file=\"https:\/\/biogastechnik-sued.de\/wp-content\/uploads\/2025\/11\/Biogastechnik-Suer-Oeffnungszeiten-Jahrewechsel-Weihnachten-1024x181.webp\" \/>\t\t\t\t\t\t\t\t\t\t\t\t\t\t\t<\/div>\n\t\t\t\t<\/div>\n\t\t\t\t\t<\/div>\n\t\t<\/div>\n\t\t\t\t\t<\/div>\n\t\t<\/section>\n\t\t\t\t<section class=\"elementor-section elementor-top-section elementor-element elementor-element-5eba345 elementor-section-boxed elementor-section-height-default elementor-section-height-default\" data-id=\"5eba345\" data-element_type=\"section\" data-e-type=\"section\">\n\t\t\t\t\t\t<div class=\"elementor-container elementor-column-gap-default\">\n\t\t\t\t\t<div class=\"elementor-column elementor-col-100 elementor-top-column elementor-element elementor-element-505556e\" data-id=\"505556e\" data-element_type=\"column\" data-e-type=\"column\">\n\t\t\t<div class=\"elementor-widget-wrap elementor-element-populated\">\n\t\t\t\t\t\t<section class=\"elementor-section elementor-inner-section elementor-element elementor-element-80eff11 elementor-section-boxed elementor-section-height-default elementor-section-height-default\" data-id=\"80eff11\" data-element_type=\"section\" data-e-type=\"section\">\n\t\t\t\t\t\t<div class=\"elementor-container elementor-column-gap-default\">\n\t\t\t\t\t<div class=\"elementor-column elementor-col-50 elementor-inner-column elementor-element elementor-element-057525a\" data-id=\"057525a\" data-element_type=\"column\" data-e-type=\"column\">\n\t\t\t<div class=\"elementor-widget-wrap elementor-element-populated\">\n\t\t\t\t\t\t<div class=\"elementor-element elementor-element-e53012c elementor-widget elementor-widget-image\" data-id=\"e53012c\" data-element_type=\"widget\" data-e-type=\"widget\" data-widget_type=\"image.default\">\n\t\t\t\t<div class=\"elementor-widget-container\">\n\t\t\t\t\t\t\t\t\t\t\t\t\t\t\t<img decoding=\"async\" data-attachment-id=\"29534\" data-permalink=\"https:\/\/biogastechnik-sued.de\/es\/betriebsurlaub-und-oeffnungszeiten-weihnachten-neujahr-2025-2026\/biogastechnik-sued-betriebsurlaub-2025-2026\/\" data-orig-file=\"https:\/\/biogastechnik-sued.de\/wp-content\/uploads\/2025\/11\/Biogastechnik-Sued-Betriebsurlaub-2025-2026.webp\" data-orig-size=\"1280,1280\" data-comments-opened=\"1\" data-image-meta=\"{&quot;aperture&quot;:&quot;0&quot;,&quot;credit&quot;:&quot;&quot;,&quot;camera&quot;:&quot;&quot;,&quot;caption&quot;:&quot;&quot;,&quot;created_timestamp&quot;:&quot;0&quot;,&quot;copyright&quot;:&quot;&quot;,&quot;focal_length&quot;:&quot;0&quot;,&quot;iso&quot;:&quot;0&quot;,&quot;shutter_speed&quot;:&quot;0&quot;,&quot;title&quot;:&quot;&quot;,&quot;orientation&quot;:&quot;0&quot;}\" data-image-title=\"Biogastechnik Su\u0308d &amp;#8211; Betriebsurlaub 2025-2026\" data-image-description=\"\" data-image-caption=\"\" data-large-file=\"https:\/\/biogastechnik-sued.de\/wp-content\/uploads\/2025\/11\/Biogastechnik-Sued-Betriebsurlaub-2025-2026-1024x1024.webp\" width=\"800\" height=\"800\" src=\"https:\/\/biogastechnik-sued.de\/wp-content\/uploads\/2025\/11\/Biogastechnik-Sued-Betriebsurlaub-2025-2026-1024x1024.webp\" class=\"attachment-large size-large wp-image-29534\" alt=\"\" srcset=\"https:\/\/biogastechnik-sued.de\/wp-content\/uploads\/2025\/11\/Biogastechnik-Sued-Betriebsurlaub-2025-2026-1024x1024.webp 1024w, https:\/\/biogastechnik-sued.de\/wp-content\/uploads\/2025\/11\/Biogastechnik-Sued-Betriebsurlaub-2025-2026-300x300.webp 300w, https:\/\/biogastechnik-sued.de\/wp-content\/uploads\/2025\/11\/Biogastechnik-Sued-Betriebsurlaub-2025-2026-150x150.webp?crop=1 150w, https:\/\/biogastechnik-sued.de\/wp-content\/uploads\/2025\/11\/Biogastechnik-Sued-Betriebsurlaub-2025-2026-768x768.webp 768w, https:\/\/biogastechnik-sued.de\/wp-content\/uploads\/2025\/11\/Biogastechnik-Sued-Betriebsurlaub-2025-2026.webp 1280w\" sizes=\"(max-width: 800px) 100vw, 800px\" data-attachment-id=\"29534\" data-permalink=\"https:\/\/biogastechnik-sued.de\/es\/betriebsurlaub-und-oeffnungszeiten-weihnachten-neujahr-2025-2026\/biogastechnik-sued-betriebsurlaub-2025-2026\/\" data-orig-file=\"https:\/\/biogastechnik-sued.de\/wp-content\/uploads\/2025\/11\/Biogastechnik-Sued-Betriebsurlaub-2025-2026.webp\" data-orig-size=\"1280,1280\" data-comments-opened=\"1\" data-image-meta=\"{&quot;aperture&quot;:&quot;0&quot;,&quot;credit&quot;:&quot;&quot;,&quot;camera&quot;:&quot;&quot;,&quot;caption&quot;:&quot;&quot;,&quot;created_timestamp&quot;:&quot;0&quot;,&quot;copyright&quot;:&quot;&quot;,&quot;focal_length&quot;:&quot;0&quot;,&quot;iso&quot;:&quot;0&quot;,&quot;shutter_speed&quot;:&quot;0&quot;,&quot;title&quot;:&quot;&quot;,&quot;orientation&quot;:&quot;0&quot;}\" data-image-title=\"Biogastechnik Su\u0308d &amp;#8211; Betriebsurlaub 2025-2026\" data-image-description=\"\" data-image-caption=\"\" data-large-file=\"https:\/\/biogastechnik-sued.de\/wp-content\/uploads\/2025\/11\/Biogastechnik-Sued-Betriebsurlaub-2025-2026-1024x1024.webp\" \/>\t\t\t\t\t\t\t\t\t\t\t\t\t\t\t<\/div>\n\t\t\t\t<\/div>\n\t\t\t\t<div class=\"elementor-element elementor-element-1cd9f7f elementor-widget elementor-widget-spacer\" data-id=\"1cd9f7f\" data-element_type=\"widget\" data-e-type=\"widget\" data-widget_type=\"spacer.default\">\n\t\t\t\t<div class=\"elementor-widget-container\">\n\t\t\t\t\t\t\t<div class=\"elementor-spacer\">\n\t\t\t<div class=\"elementor-spacer-inner\"><\/div>\n\t\t<\/div>\n\t\t\t\t\t\t<\/div>\n\t\t\t\t<\/div>\n\t\t\t\t\t<\/div>\n\t\t<\/div>\n\t\t\t\t<div class=\"elementor-column elementor-col-50 elementor-inner-column elementor-element elementor-element-080fa1e\" data-id=\"080fa1e\" data-element_type=\"column\" data-e-type=\"column\">\n\t\t\t<div class=\"elementor-widget-wrap elementor-element-populated\">\n\t\t\t\t\t\t<div class=\"elementor-element elementor-element-183dbc1 elementor-hidden-tablet elementor-hidden-mobile elementor-widget elementor-widget-spacer\" data-id=\"183dbc1\" data-element_type=\"widget\" data-e-type=\"widget\" data-widget_type=\"spacer.default\">\n\t\t\t\t<div class=\"elementor-widget-container\">\n\t\t\t\t\t\t\t<div class=\"elementor-spacer\">\n\t\t\t<div class=\"elementor-spacer-inner\"><\/div>\n\t\t<\/div>\n\t\t\t\t\t\t<\/div>\n\t\t\t\t<\/div>\n\t\t\t\t<div class=\"elementor-element elementor-element-a1cf036 elementor-widget elementor-widget-heading\" data-id=\"a1cf036\" data-element_type=\"widget\" data-e-type=\"widget\" data-widget_type=\"heading.default\">\n\t\t\t\t<div class=\"elementor-widget-container\">\n\t\t\t\t\t<h1 class=\"elementor-heading-title elementor-size-default\">Nuestro horario de apertura para el cambio de a\u00f1o 2025\/2026<\/h1>\t\t\t\t<\/div>\n\t\t\t\t<\/div>\n\t\t\t\t<div class=\"elementor-element elementor-element-49d01fe elementor-widget elementor-widget-text-editor\" data-id=\"49d01fe\" data-element_type=\"widget\" data-e-type=\"widget\" data-widget_type=\"text-editor.default\">\n\t\t\t\t<div class=\"elementor-widget-container\">\n\t\t\t\t\t\t\t\t\t<p class=\"p1\">Estaremos <strong>cerrados por vacaciones<\/strong> del 24\/12\/2025 al 06\/01\/2026.<\/p><p>Por supuesto, nuestro equipo de atenci\u00f3n al cliente tambi\u00e9n est\u00e1 disponible fuera de los d\u00edas festivos en el horario habitual:<\/p><p><strong>Service-Nummer: +49 7562 97085 412<\/strong><\/p><p>La recepci\u00f3n y recogida de mercanc\u00edas, as\u00ed como la recogida de piezas de repuesto, es posible en los d\u00edas laborables habituales entre las 10:00 y las 14:00 horas.<\/p><p>A partir del 7 de enero de 2026 volveremos a estar a tu disposici\u00f3n en nuestro horario habitual.<\/p><p>\u00a1Te deseamos una feliz Navidad, unas vacaciones relajantes y un pr\u00f3spero A\u00f1o Nuevo!\ud83c\udf84\u2728 Muchas gracias por tu confianza. \u00a1Esperamos poder seguir colaborando con \u00e9xito en 2026! <\/p>\t\t\t\t\t\t\t\t<\/div>\n\t\t\t\t<\/div>\n\t\t\t\t\t<\/div>\n\t\t<\/div>\n\t\t\t\t\t<\/div>\n\t\t<\/section>\n\t\t\t\t\t<\/div>\n\t\t<\/div>\n\t\t\t\t\t<\/div>\n\t\t<\/section>\n\t\t\t\t<\/div>\n\t\t","protected":false},"excerpt":{"rendered":"<p>Vacaciones de la empresa y horarios de apertura Navidad\/A\u00f1o Nuevo 2025\/2026<\/p>\n","protected":false},"author":154380550,"featured_media":0,"parent":0,"menu_order":0,"comment_status":"closed","ping_status":"closed","template":"elementor_theme","meta":{"_acf_changed":false,"footnotes":""},"class_list":["post-29599","page","type-page","status-publish","hentry"],"acf":[],"yoast_head":"<!-- This site is optimized with the Yoast SEO plugin v27.3 - https:\/\/yoast.com\/product\/yoast-seo-wordpress\/ -->\n<title>Vacaciones de la empresa y horarios de apertura Navidad\/A\u00f1o Nuevo 2025\/2026 - Biogastechnik S\u00fcd GmbH<\/title>\n<meta name=\"description\" content=\"Estaremos cerrados por vacaciones del 24\/12\/2025 al 06\/01\/2026.\" \/>\n<meta name=\"robots\" content=\"index, follow, max-snippet:-1, max-image-preview:large, max-video-preview:-1\" \/>\n<link rel=\"canonical\" href=\"https:\/\/biogastechnik-sued.de\/es\/vacaciones-de-la-empresa-y-horarios-de-apertura-navidad-ano-nuevo-2025-2026\/\" \/>\n<meta property=\"og:locale\" content=\"es_ES\" \/>\n<meta property=\"og:type\" content=\"article\" \/>\n<meta property=\"og:title\" content=\"Vacaciones de la empresa y horarios de apertura Navidad\/A\u00f1o Nuevo 2025\/2026 - Biogastechnik S\u00fcd GmbH\" \/>\n<meta property=\"og:description\" content=\"Estaremos cerrados por vacaciones del 24\/12\/2025 al 06\/01\/2026.\" \/>\n<meta property=\"og:url\" content=\"https:\/\/biogastechnik-sued.de\/es\/vacaciones-de-la-empresa-y-horarios-de-apertura-navidad-ano-nuevo-2025-2026\/\" \/>\n<meta property=\"og:site_name\" content=\"Biogastechnik S\u00fcd GmbH\" \/>\n<meta property=\"article:publisher\" content=\"https:\/\/www.facebook.com\/biogastechniksued\" \/>\n<meta property=\"og:image\" content=\"https:\/\/biogastechnik-sued.de\/wp-content\/uploads\/2025\/11\/Biogastechnik-Suer-Oeffnungszeiten-Jahrewechsel-Weihnachten.webp\" \/>\n\t<meta property=\"og:image:width\" content=\"4512\" \/>\n\t<meta property=\"og:image:height\" content=\"796\" \/>\n\t<meta property=\"og:image:type\" content=\"image\/webp\" \/>\n<meta name=\"twitter:card\" content=\"summary_large_image\" \/>\n<meta name=\"twitter:site\" content=\"@BTsued\" \/>\n<meta name=\"twitter:label1\" content=\"Tiempo de lectura\" \/>\n\t<meta name=\"twitter:data1\" content=\"1 minuto\" \/>\n<script type=\"application\/ld+json\" class=\"yoast-schema-graph\">{\"@context\":\"https:\\\/\\\/schema.org\",\"@graph\":[{\"@type\":\"WebPage\",\"@id\":\"https:\\\/\\\/biogastechnik-sued.de\\\/es\\\/vacaciones-de-la-empresa-y-horarios-de-apertura-navidad-ano-nuevo-2025-2026\\\/\",\"url\":\"https:\\\/\\\/biogastechnik-sued.de\\\/es\\\/vacaciones-de-la-empresa-y-horarios-de-apertura-navidad-ano-nuevo-2025-2026\\\/\",\"name\":\"Vacaciones de la empresa y horarios de apertura Navidad\\\/A\u00f1o Nuevo 2025\\\/2026 - Biogastechnik S\u00fcd GmbH\",\"isPartOf\":{\"@id\":\"https:\\\/\\\/biogastechnik-sued.de\\\/es\\\/#website\"},\"primaryImageOfPage\":{\"@id\":\"https:\\\/\\\/biogastechnik-sued.de\\\/es\\\/vacaciones-de-la-empresa-y-horarios-de-apertura-navidad-ano-nuevo-2025-2026\\\/#primaryimage\"},\"image\":{\"@id\":\"https:\\\/\\\/biogastechnik-sued.de\\\/es\\\/vacaciones-de-la-empresa-y-horarios-de-apertura-navidad-ano-nuevo-2025-2026\\\/#primaryimage\"},\"thumbnailUrl\":\"https:\\\/\\\/biogastechnik-sued.de\\\/wp-content\\\/uploads\\\/2025\\\/11\\\/Biogastechnik-Suer-Oeffnungszeiten-Jahrewechsel-Weihnachten.webp\",\"datePublished\":\"2025-11-26T13:04:52+00:00\",\"description\":\"Estaremos cerrados por vacaciones del 24\\\/12\\\/2025 al 06\\\/01\\\/2026.\",\"inLanguage\":\"es\",\"potentialAction\":[{\"@type\":\"ReadAction\",\"target\":[\"https:\\\/\\\/biogastechnik-sued.de\\\/es\\\/vacaciones-de-la-empresa-y-horarios-de-apertura-navidad-ano-nuevo-2025-2026\\\/\"]}]},{\"@type\":\"ImageObject\",\"inLanguage\":\"es\",\"@id\":\"https:\\\/\\\/biogastechnik-sued.de\\\/es\\\/vacaciones-de-la-empresa-y-horarios-de-apertura-navidad-ano-nuevo-2025-2026\\\/#primaryimage\",\"url\":\"https:\\\/\\\/biogastechnik-sued.de\\\/wp-content\\\/uploads\\\/2025\\\/11\\\/Biogastechnik-Suer-Oeffnungszeiten-Jahrewechsel-Weihnachten.webp\",\"contentUrl\":\"https:\\\/\\\/biogastechnik-sued.de\\\/wp-content\\\/uploads\\\/2025\\\/11\\\/Biogastechnik-Suer-Oeffnungszeiten-Jahrewechsel-Weihnachten.webp\"},{\"@type\":\"WebSite\",\"@id\":\"https:\\\/\\\/biogastechnik-sued.de\\\/es\\\/#website\",\"url\":\"https:\\\/\\\/biogastechnik-sued.de\\\/es\\\/\",\"name\":\"Biogastechnik S\u00fcd GmbH\",\"description\":\"Aus der Praxis, f\u00fcr die Praxis.\",\"publisher\":{\"@id\":\"https:\\\/\\\/biogastechnik-sued.de\\\/es\\\/#organization\"},\"potentialAction\":[{\"@type\":\"SearchAction\",\"target\":{\"@type\":\"EntryPoint\",\"urlTemplate\":\"https:\\\/\\\/biogastechnik-sued.de\\\/es\\\/?s={search_term_string}\"},\"query-input\":{\"@type\":\"PropertyValueSpecification\",\"valueRequired\":true,\"valueName\":\"search_term_string\"}}],\"inLanguage\":\"es\"},{\"@type\":\"Organization\",\"@id\":\"https:\\\/\\\/biogastechnik-sued.de\\\/es\\\/#organization\",\"name\":\"Biogastechnik S\u00fcd GmbH\",\"url\":\"https:\\\/\\\/biogastechnik-sued.de\\\/es\\\/\",\"logo\":{\"@type\":\"ImageObject\",\"inLanguage\":\"es\",\"@id\":\"https:\\\/\\\/biogastechnik-sued.de\\\/es\\\/#\\\/schema\\\/logo\\\/image\\\/\",\"url\":\"\",\"contentUrl\":\"\",\"caption\":\"Biogastechnik S\u00fcd GmbH\"},\"image\":{\"@id\":\"https:\\\/\\\/biogastechnik-sued.de\\\/es\\\/#\\\/schema\\\/logo\\\/image\\\/\"},\"sameAs\":[\"https:\\\/\\\/www.facebook.com\\\/biogastechniksued\",\"https:\\\/\\\/x.com\\\/BTsued\",\"https:\\\/\\\/www.instagram.com\\\/btsued\",\"https:\\\/\\\/www.youtube.com\\\/channel\\\/UCMH0VQD8-sWVF6Wc5vbMqtg\"]}]}<\/script>\n<!-- \/ Yoast SEO plugin. -->","yoast_head_json":{"title":"Vacaciones de la empresa y horarios de apertura Navidad\/A\u00f1o Nuevo 2025\/2026 - Biogastechnik S\u00fcd GmbH","description":"Estaremos cerrados por vacaciones del 24\/12\/2025 al 06\/01\/2026.","robots":{"index":"index","follow":"follow","max-snippet":"max-snippet:-1","max-image-preview":"max-image-preview:large","max-video-preview":"max-video-preview:-1"},"canonical":"https:\/\/biogastechnik-sued.de\/es\/vacaciones-de-la-empresa-y-horarios-de-apertura-navidad-ano-nuevo-2025-2026\/","og_locale":"es_ES","og_type":"article","og_title":"Vacaciones de la empresa y horarios de apertura Navidad\/A\u00f1o Nuevo 2025\/2026 - Biogastechnik S\u00fcd GmbH","og_description":"Estaremos cerrados por vacaciones del 24\/12\/2025 al 06\/01\/2026.","og_url":"https:\/\/biogastechnik-sued.de\/es\/vacaciones-de-la-empresa-y-horarios-de-apertura-navidad-ano-nuevo-2025-2026\/","og_site_name":"Biogastechnik S\u00fcd GmbH","article_publisher":"https:\/\/www.facebook.com\/biogastechniksued","og_image":[{"width":4512,"height":796,"url":"https:\/\/biogastechnik-sued.de\/wp-content\/uploads\/2025\/11\/Biogastechnik-Suer-Oeffnungszeiten-Jahrewechsel-Weihnachten.webp","type":"image\/webp"}],"twitter_card":"summary_large_image","twitter_site":"@BTsued","twitter_misc":{"Tiempo de lectura":"1 minuto"},"schema":{"@context":"https:\/\/schema.org","@graph":[{"@type":"WebPage","@id":"https:\/\/biogastechnik-sued.de\/es\/vacaciones-de-la-empresa-y-horarios-de-apertura-navidad-ano-nuevo-2025-2026\/","url":"https:\/\/biogastechnik-sued.de\/es\/vacaciones-de-la-empresa-y-horarios-de-apertura-navidad-ano-nuevo-2025-2026\/","name":"Vacaciones de la empresa y horarios de apertura Navidad\/A\u00f1o Nuevo 2025\/2026 - Biogastechnik S\u00fcd GmbH","isPartOf":{"@id":"https:\/\/biogastechnik-sued.de\/es\/#website"},"primaryImageOfPage":{"@id":"https:\/\/biogastechnik-sued.de\/es\/vacaciones-de-la-empresa-y-horarios-de-apertura-navidad-ano-nuevo-2025-2026\/#primaryimage"},"image":{"@id":"https:\/\/biogastechnik-sued.de\/es\/vacaciones-de-la-empresa-y-horarios-de-apertura-navidad-ano-nuevo-2025-2026\/#primaryimage"},"thumbnailUrl":"https:\/\/biogastechnik-sued.de\/wp-content\/uploads\/2025\/11\/Biogastechnik-Suer-Oeffnungszeiten-Jahrewechsel-Weihnachten.webp","datePublished":"2025-11-26T13:04:52+00:00","description":"Estaremos cerrados por vacaciones del 24\/12\/2025 al 06\/01\/2026.","inLanguage":"es","potentialAction":[{"@type":"ReadAction","target":["https:\/\/biogastechnik-sued.de\/es\/vacaciones-de-la-empresa-y-horarios-de-apertura-navidad-ano-nuevo-2025-2026\/"]}]},{"@type":"ImageObject","inLanguage":"es","@id":"https:\/\/biogastechnik-sued.de\/es\/vacaciones-de-la-empresa-y-horarios-de-apertura-navidad-ano-nuevo-2025-2026\/#primaryimage","url":"https:\/\/biogastechnik-sued.de\/wp-content\/uploads\/2025\/11\/Biogastechnik-Suer-Oeffnungszeiten-Jahrewechsel-Weihnachten.webp","contentUrl":"https:\/\/biogastechnik-sued.de\/wp-content\/uploads\/2025\/11\/Biogastechnik-Suer-Oeffnungszeiten-Jahrewechsel-Weihnachten.webp"},{"@type":"WebSite","@id":"https:\/\/biogastechnik-sued.de\/es\/#website","url":"https:\/\/biogastechnik-sued.de\/es\/","name":"Biogastechnik S\u00fcd GmbH","description":"Aus der Praxis, f\u00fcr die Praxis.","publisher":{"@id":"https:\/\/biogastechnik-sued.de\/es\/#organization"},"potentialAction":[{"@type":"SearchAction","target":{"@type":"EntryPoint","urlTemplate":"https:\/\/biogastechnik-sued.de\/es\/?s={search_term_string}"},"query-input":{"@type":"PropertyValueSpecification","valueRequired":true,"valueName":"search_term_string"}}],"inLanguage":"es"},{"@type":"Organization","@id":"https:\/\/biogastechnik-sued.de\/es\/#organization","name":"Biogastechnik S\u00fcd GmbH","url":"https:\/\/biogastechnik-sued.de\/es\/","logo":{"@type":"ImageObject","inLanguage":"es","@id":"https:\/\/biogastechnik-sued.de\/es\/#\/schema\/logo\/image\/","url":"","contentUrl":"","caption":"Biogastechnik S\u00fcd GmbH"},"image":{"@id":"https:\/\/biogastechnik-sued.de\/es\/#\/schema\/logo\/image\/"},"sameAs":["https:\/\/www.facebook.com\/biogastechniksued","https:\/\/x.com\/BTsued","https:\/\/www.instagram.com\/btsued","https:\/\/www.youtube.com\/channel\/UCMH0VQD8-sWVF6Wc5vbMqtg"]}]}},"jetpack_shortlink":"https:\/\/wp.me\/PaOez7-7Hp","jetpack_sharing_enabled":true,"_links":{"self":[{"href":"https:\/\/biogastechnik-sued.de\/es\/wp-json\/wp\/v2\/pages\/29599","targetHints":{"allow":["GET"]}}],"collection":[{"href":"https:\/\/biogastechnik-sued.de\/es\/wp-json\/wp\/v2\/pages"}],"about":[{"href":"https:\/\/biogastechnik-sued.de\/es\/wp-json\/wp\/v2\/types\/page"}],"author":[{"embeddable":true,"href":"https:\/\/biogastechnik-sued.de\/es\/wp-json\/wp\/v2\/users\/154380550"}],"replies":[{"embeddable":true,"href":"https:\/\/biogastechnik-sued.de\/es\/wp-json\/wp\/v2\/comments?post=29599"}],"version-history":[{"count":1,"href":"https:\/\/biogastechnik-sued.de\/es\/wp-json\/wp\/v2\/pages\/29599\/revisions"}],"predecessor-version":[{"id":29600,"href":"https:\/\/biogastechnik-sued.de\/es\/wp-json\/wp\/v2\/pages\/29599\/revisions\/29600"}],"wp:attachment":[{"href":"https:\/\/biogastechnik-sued.de\/es\/wp-json\/wp\/v2\/media?parent=29599"}],"curies":[{"name":"wp","href":"https:\/\/api.w.org\/{rel}","templated":true}]}}