{"id":28860,"date":"2025-07-28T14:55:10","date_gmt":"2025-07-28T12:55:10","guid":{"rendered":"https:\/\/biogastechnik-sued.de\/home\/a-propos\/nos-innovations\/"},"modified":"2025-07-28T14:55:10","modified_gmt":"2025-07-28T12:55:10","slug":"nos-innovations","status":"publish","type":"page","link":"https:\/\/biogastechnik-sued.de\/fr\/home\/a-propos\/nos-innovations\/","title":{"rendered":"Nos innovations"},"content":{"rendered":"\t\t<div data-elementor-type=\"wp-page\" data-elementor-id=\"28860\" class=\"elementor elementor-28860 elementor-14297\" data-elementor-post-type=\"page\">\n\t\t\t\t\t\t<section class=\"elementor-section elementor-top-section elementor-element elementor-element-6d959dc elementor-section-boxed elementor-section-height-default elementor-section-height-default\" data-id=\"6d959dc\" data-element_type=\"section\" data-e-type=\"section\">\n\t\t\t\t\t\t<div class=\"elementor-container elementor-column-gap-default\">\n\t\t\t\t\t<div class=\"elementor-column elementor-col-100 elementor-top-column elementor-element elementor-element-676394e\" data-id=\"676394e\" data-element_type=\"column\" data-e-type=\"column\">\n\t\t\t<div class=\"elementor-widget-wrap elementor-element-populated\">\n\t\t\t\t\t\t<div class=\"elementor-element elementor-element-6e59ee7 elementor-view-default elementor-position-block-start elementor-mobile-position-block-start elementor-widget elementor-widget-icon-box\" data-id=\"6e59ee7\" data-element_type=\"widget\" data-e-type=\"widget\" data-widget_type=\"icon-box.default\">\n\t\t\t\t<div class=\"elementor-widget-container\">\n\t\t\t\t\t\t\t<div class=\"elementor-icon-box-wrapper\">\n\n\t\t\t\t\t\t<div class=\"elementor-icon-box-icon\">\n\t\t\t\t<span  class=\"elementor-icon\">\n\t\t\t\t<i aria-hidden=\"true\" class=\"fas fa-hourglass-half\"><\/i>\t\t\t\t<\/span>\n\t\t\t<\/div>\n\t\t\t\n\t\t\t\t\t\t<div class=\"elementor-icon-box-content\">\n\n\t\t\t\t\t\t\t\t\t<h3 class=\"elementor-icon-box-title\">\n\t\t\t\t\t\t<span  >\n\t\t\t\t\t\t\tbient\u00f4t disponible\t\t\t\t\t\t<\/span>\n\t\t\t\t\t<\/h3>\n\t\t\t\t\n\t\t\t\t\t\t\t\t\t<p class=\"elementor-icon-box-description\">\n\t\t\t\t\t\tSoyez curieux de d\u00e9couvrir nos innovations et nos brevets, que nous vous pr\u00e9senterons sur cette page.\t\t\t\t\t<\/p>\n\t\t\t\t\n\t\t\t<\/div>\n\t\t\t\n\t\t<\/div>\n\t\t\t\t\t\t<\/div>\n\t\t\t\t<\/div>\n\t\t\t\t\t<\/div>\n\t\t<\/div>\n\t\t\t\t\t<\/div>\n\t\t<\/section>\n\t\t\t\t<section class=\"elementor-section elementor-top-section elementor-element elementor-element-a221103 elementor-hidden-desktop elementor-hidden-tablet elementor-hidden-mobile elementor-section-boxed elementor-section-height-default elementor-section-height-default\" data-id=\"a221103\" data-element_type=\"section\" data-e-type=\"section\">\n\t\t\t\t\t\t<div class=\"elementor-container elementor-column-gap-default\">\n\t\t\t\t\t<div class=\"elementor-column elementor-col-100 elementor-top-column elementor-element elementor-element-f373961\" data-id=\"f373961\" data-element_type=\"column\" data-e-type=\"column\">\n\t\t\t<div class=\"elementor-widget-wrap\">\n\t\t\t\t\t\t\t<\/div>\n\t\t<\/div>\n\t\t\t\t\t<\/div>\n\t\t<\/section>\n\t\t\t\t<\/div>\n\t\t","protected":false},"excerpt":{"rendered":"<p>bient\u00f4t disponible Soyez curieux de d\u00e9couvrir nos innovations et nos brevets, que nous vous pr\u00e9senterons sur cette page.<\/p>\n","protected":false},"author":154380550,"featured_media":0,"parent":13436,"menu_order":0,"comment_status":"closed","ping_status":"closed","template":"elementor_theme","meta":{"_acf_changed":false,"footnotes":""},"class_list":["post-28860","page","type-page","status-publish","hentry"],"acf":[],"yoast_head":"<!-- This site is optimized with the Yoast SEO plugin v27.4 - https:\/\/yoast.com\/product\/yoast-seo-wordpress\/ -->\n<title>Nos innovations - Biogastechnik S\u00fcd GmbH<\/title>\n<meta name=\"robots\" content=\"index, follow, max-snippet:-1, max-image-preview:large, max-video-preview:-1\" \/>\n<link rel=\"canonical\" href=\"https:\/\/biogastechnik-sued.de\/fr\/home\/a-propos\/nos-innovations\/\" \/>\n<meta property=\"og:locale\" content=\"fr_FR\" \/>\n<meta property=\"og:type\" content=\"article\" \/>\n<meta property=\"og:title\" content=\"Nos innovations - Biogastechnik S\u00fcd GmbH\" \/>\n<meta property=\"og:description\" content=\"bient\u00f4t disponible Soyez curieux de d\u00e9couvrir nos innovations et nos brevets, que nous vous pr\u00e9senterons sur cette page.\" \/>\n<meta property=\"og:url\" content=\"https:\/\/biogastechnik-sued.de\/fr\/home\/a-propos\/nos-innovations\/\" \/>\n<meta property=\"og:site_name\" content=\"Biogastechnik S\u00fcd GmbH\" \/>\n<meta property=\"article:publisher\" content=\"https:\/\/www.facebook.com\/biogastechniksued\" \/>\n<meta name=\"twitter:card\" content=\"summary_large_image\" \/>\n<meta name=\"twitter:site\" content=\"@BTsued\" \/>\n<script type=\"application\/ld+json\" class=\"yoast-schema-graph\">{\"@context\":\"https:\\\/\\\/schema.org\",\"@graph\":[{\"@type\":\"WebPage\",\"@id\":\"https:\\\/\\\/biogastechnik-sued.de\\\/fr\\\/home\\\/a-propos\\\/nos-innovations\\\/\",\"url\":\"https:\\\/\\\/biogastechnik-sued.de\\\/fr\\\/home\\\/a-propos\\\/nos-innovations\\\/\",\"name\":\"Nos innovations - Biogastechnik S\u00fcd GmbH\",\"isPartOf\":{\"@id\":\"https:\\\/\\\/biogastechnik-sued.de\\\/fr\\\/#website\"},\"datePublished\":\"2025-07-28T12:55:10+00:00\",\"breadcrumb\":{\"@id\":\"https:\\\/\\\/biogastechnik-sued.de\\\/fr\\\/home\\\/a-propos\\\/nos-innovations\\\/#breadcrumb\"},\"inLanguage\":\"fr-FR\",\"potentialAction\":[{\"@type\":\"ReadAction\",\"target\":[\"https:\\\/\\\/biogastechnik-sued.de\\\/fr\\\/home\\\/a-propos\\\/nos-innovations\\\/\"]}]},{\"@type\":\"BreadcrumbList\",\"@id\":\"https:\\\/\\\/biogastechnik-sued.de\\\/fr\\\/home\\\/a-propos\\\/nos-innovations\\\/#breadcrumb\",\"itemListElement\":[{\"@type\":\"ListItem\",\"position\":1,\"name\":\"Home\",\"item\":\"https:\\\/\\\/biogastechnik-sued.de\\\/fr\\\/home\\\/\"},{\"@type\":\"ListItem\",\"position\":2,\"name\":\"\u00c0 PROPOS\",\"item\":\"https:\\\/\\\/biogastechnik-sued.de\\\/fr\\\/home\\\/a-propos\\\/\"},{\"@type\":\"ListItem\",\"position\":3,\"name\":\"Nos innovations\"}]},{\"@type\":\"WebSite\",\"@id\":\"https:\\\/\\\/biogastechnik-sued.de\\\/fr\\\/#website\",\"url\":\"https:\\\/\\\/biogastechnik-sued.de\\\/fr\\\/\",\"name\":\"Biogastechnik S\u00fcd GmbH\",\"description\":\"Aus der Praxis, f\u00fcr die Praxis.\",\"publisher\":{\"@id\":\"https:\\\/\\\/biogastechnik-sued.de\\\/fr\\\/#organization\"},\"potentialAction\":[{\"@type\":\"SearchAction\",\"target\":{\"@type\":\"EntryPoint\",\"urlTemplate\":\"https:\\\/\\\/biogastechnik-sued.de\\\/fr\\\/?s={search_term_string}\"},\"query-input\":{\"@type\":\"PropertyValueSpecification\",\"valueRequired\":true,\"valueName\":\"search_term_string\"}}],\"inLanguage\":\"fr-FR\"},{\"@type\":\"Organization\",\"@id\":\"https:\\\/\\\/biogastechnik-sued.de\\\/fr\\\/#organization\",\"name\":\"Biogastechnik S\u00fcd GmbH\",\"url\":\"https:\\\/\\\/biogastechnik-sued.de\\\/fr\\\/\",\"logo\":{\"@type\":\"ImageObject\",\"inLanguage\":\"fr-FR\",\"@id\":\"https:\\\/\\\/biogastechnik-sued.de\\\/fr\\\/#\\\/schema\\\/logo\\\/image\\\/\",\"url\":\"\",\"contentUrl\":\"\",\"caption\":\"Biogastechnik S\u00fcd GmbH\"},\"image\":{\"@id\":\"https:\\\/\\\/biogastechnik-sued.de\\\/fr\\\/#\\\/schema\\\/logo\\\/image\\\/\"},\"sameAs\":[\"https:\\\/\\\/www.facebook.com\\\/biogastechniksued\",\"https:\\\/\\\/x.com\\\/BTsued\",\"https:\\\/\\\/www.instagram.com\\\/btsued\",\"https:\\\/\\\/www.youtube.com\\\/channel\\\/UCMH0VQD8-sWVF6Wc5vbMqtg\"]}]}<\/script>\n<!-- \/ Yoast SEO plugin. -->","yoast_head_json":{"title":"Nos innovations - Biogastechnik S\u00fcd GmbH","robots":{"index":"index","follow":"follow","max-snippet":"max-snippet:-1","max-image-preview":"max-image-preview:large","max-video-preview":"max-video-preview:-1"},"canonical":"https:\/\/biogastechnik-sued.de\/fr\/home\/a-propos\/nos-innovations\/","og_locale":"fr_FR","og_type":"article","og_title":"Nos innovations - Biogastechnik S\u00fcd GmbH","og_description":"bient\u00f4t disponible Soyez curieux de d\u00e9couvrir nos innovations et nos brevets, que nous vous pr\u00e9senterons sur cette page.","og_url":"https:\/\/biogastechnik-sued.de\/fr\/home\/a-propos\/nos-innovations\/","og_site_name":"Biogastechnik S\u00fcd GmbH","article_publisher":"https:\/\/www.facebook.com\/biogastechniksued","twitter_card":"summary_large_image","twitter_site":"@BTsued","schema":{"@context":"https:\/\/schema.org","@graph":[{"@type":"WebPage","@id":"https:\/\/biogastechnik-sued.de\/fr\/home\/a-propos\/nos-innovations\/","url":"https:\/\/biogastechnik-sued.de\/fr\/home\/a-propos\/nos-innovations\/","name":"Nos innovations - Biogastechnik S\u00fcd GmbH","isPartOf":{"@id":"https:\/\/biogastechnik-sued.de\/fr\/#website"},"datePublished":"2025-07-28T12:55:10+00:00","breadcrumb":{"@id":"https:\/\/biogastechnik-sued.de\/fr\/home\/a-propos\/nos-innovations\/#breadcrumb"},"inLanguage":"fr-FR","potentialAction":[{"@type":"ReadAction","target":["https:\/\/biogastechnik-sued.de\/fr\/home\/a-propos\/nos-innovations\/"]}]},{"@type":"BreadcrumbList","@id":"https:\/\/biogastechnik-sued.de\/fr\/home\/a-propos\/nos-innovations\/#breadcrumb","itemListElement":[{"@type":"ListItem","position":1,"name":"Home","item":"https:\/\/biogastechnik-sued.de\/fr\/home\/"},{"@type":"ListItem","position":2,"name":"\u00c0 PROPOS","item":"https:\/\/biogastechnik-sued.de\/fr\/home\/a-propos\/"},{"@type":"ListItem","position":3,"name":"Nos innovations"}]},{"@type":"WebSite","@id":"https:\/\/biogastechnik-sued.de\/fr\/#website","url":"https:\/\/biogastechnik-sued.de\/fr\/","name":"Biogastechnik S\u00fcd GmbH","description":"Aus der Praxis, f\u00fcr die Praxis.","publisher":{"@id":"https:\/\/biogastechnik-sued.de\/fr\/#organization"},"potentialAction":[{"@type":"SearchAction","target":{"@type":"EntryPoint","urlTemplate":"https:\/\/biogastechnik-sued.de\/fr\/?s={search_term_string}"},"query-input":{"@type":"PropertyValueSpecification","valueRequired":true,"valueName":"search_term_string"}}],"inLanguage":"fr-FR"},{"@type":"Organization","@id":"https:\/\/biogastechnik-sued.de\/fr\/#organization","name":"Biogastechnik S\u00fcd GmbH","url":"https:\/\/biogastechnik-sued.de\/fr\/","logo":{"@type":"ImageObject","inLanguage":"fr-FR","@id":"https:\/\/biogastechnik-sued.de\/fr\/#\/schema\/logo\/image\/","url":"","contentUrl":"","caption":"Biogastechnik S\u00fcd GmbH"},"image":{"@id":"https:\/\/biogastechnik-sued.de\/fr\/#\/schema\/logo\/image\/"},"sameAs":["https:\/\/www.facebook.com\/biogastechniksued","https:\/\/x.com\/BTsued","https:\/\/www.instagram.com\/btsued","https:\/\/www.youtube.com\/channel\/UCMH0VQD8-sWVF6Wc5vbMqtg"]}]}},"jetpack_shortlink":"https:\/\/wp.me\/PaOez7-7vu","jetpack_sharing_enabled":true,"_links":{"self":[{"href":"https:\/\/biogastechnik-sued.de\/fr\/wp-json\/wp\/v2\/pages\/28860","targetHints":{"allow":["GET"]}}],"collection":[{"href":"https:\/\/biogastechnik-sued.de\/fr\/wp-json\/wp\/v2\/pages"}],"about":[{"href":"https:\/\/biogastechnik-sued.de\/fr\/wp-json\/wp\/v2\/types\/page"}],"author":[{"embeddable":true,"href":"https:\/\/biogastechnik-sued.de\/fr\/wp-json\/wp\/v2\/users\/154380550"}],"replies":[{"embeddable":true,"href":"https:\/\/biogastechnik-sued.de\/fr\/wp-json\/wp\/v2\/comments?post=28860"}],"version-history":[{"count":1,"href":"https:\/\/biogastechnik-sued.de\/fr\/wp-json\/wp\/v2\/pages\/28860\/revisions"}],"predecessor-version":[{"id":28861,"href":"https:\/\/biogastechnik-sued.de\/fr\/wp-json\/wp\/v2\/pages\/28860\/revisions\/28861"}],"up":[{"embeddable":true,"href":"https:\/\/biogastechnik-sued.de\/fr\/wp-json\/wp\/v2\/pages\/13436"}],"wp:attachment":[{"href":"https:\/\/biogastechnik-sued.de\/fr\/wp-json\/wp\/v2\/media?parent=28860"}],"curies":[{"name":"wp","href":"https:\/\/api.w.org\/{rel}","templated":true}]}}