{"id":22372,"date":"2024-04-08T12:07:25","date_gmt":"2024-04-08T10:07:25","guid":{"rendered":"https:\/\/biogastechnik-sued.de\/home\/note-legali\/"},"modified":"2025-07-28T14:52:00","modified_gmt":"2025-07-28T12:52:00","slug":"note-legali","status":"publish","type":"page","link":"https:\/\/biogastechnik-sued.de\/it\/home\/note-legali\/","title":{"rendered":"Impronta"},"content":{"rendered":"\t\t<div data-elementor-type=\"wp-post\" data-elementor-id=\"22372\" class=\"elementor elementor-22372 elementor-775\" data-elementor-post-type=\"page\">\n\t\t\t\t\t\t<section class=\"elementor-section elementor-top-section elementor-element elementor-element-415500e6 elementor-section-content-middle elementor-section-boxed elementor-section-height-default elementor-section-height-default\" data-id=\"415500e6\" data-element_type=\"section\" data-e-type=\"section\">\n\t\t\t\t\t\t<div class=\"elementor-container elementor-column-gap-no\">\n\t\t\t\t\t<div class=\"elementor-column elementor-col-100 elementor-top-column elementor-element elementor-element-345b5f6d\" data-id=\"345b5f6d\" data-element_type=\"column\" data-e-type=\"column\">\n\t\t\t<div class=\"elementor-widget-wrap elementor-element-populated\">\n\t\t\t\t\t\t<div class=\"elementor-element elementor-element-5d916c26 elementor-widget elementor-widget-heading\" data-id=\"5d916c26\" data-element_type=\"widget\" data-e-type=\"widget\" data-widget_type=\"heading.default\">\n\t\t\t\t<div class=\"elementor-widget-container\">\n\t\t\t\t\t<h2 class=\"elementor-heading-title elementor-size-default\">Impronta<\/h2>\t\t\t\t<\/div>\n\t\t\t\t<\/div>\n\t\t\t\t<div class=\"elementor-element elementor-element-7d1b9a21 elementor-widget elementor-widget-heading\" data-id=\"7d1b9a21\" data-element_type=\"widget\" data-e-type=\"widget\" data-widget_type=\"heading.default\">\n\t\t\t\t<div class=\"elementor-widget-container\">\n\t\t\t\t\t<h5 class=\"elementor-heading-title elementor-size-default\">Con le informazioni obbligatorie ai sensi del \u00a7 5 della legge sui media telematici e del \u00a7 55 del trattato interstatale sulla radiodiffusione. <\/h5>\t\t\t\t<\/div>\n\t\t\t\t<\/div>\n\t\t\t\t<section class=\"elementor-section elementor-inner-section elementor-element elementor-element-1b8d551 elementor-section-boxed elementor-section-height-default elementor-section-height-default\" data-id=\"1b8d551\" data-element_type=\"section\" data-e-type=\"section\">\n\t\t\t\t\t\t<div class=\"elementor-container elementor-column-gap-default\">\n\t\t\t\t\t<div class=\"elementor-column elementor-col-50 elementor-inner-column elementor-element elementor-element-d719603\" data-id=\"d719603\" data-element_type=\"column\" data-e-type=\"column\">\n\t\t\t<div class=\"elementor-widget-wrap elementor-element-populated\">\n\t\t\t\t\t\t<div class=\"elementor-element elementor-element-dcb3519 elementor-widget elementor-widget-text-editor\" data-id=\"dcb3519\" data-element_type=\"widget\" data-e-type=\"widget\" data-widget_type=\"text-editor.default\">\n\t\t\t\t<div class=\"elementor-widget-container\">\n\t\t\t\t\t\t\t\t\t<p>Biogastechnik S\u00fcd GmbH<br>Am Sch\u00e4ferhof 2<br>88316 Isny im Allg\u00e4u<\/p>\t\t\t\t\t\t\t\t<\/div>\n\t\t\t\t<\/div>\n\t\t\t\t\t<\/div>\n\t\t<\/div>\n\t\t\t\t<div class=\"elementor-column elementor-col-50 elementor-inner-column elementor-element elementor-element-bbbd52f\" data-id=\"bbbd52f\" data-element_type=\"column\" data-e-type=\"column\">\n\t\t\t<div class=\"elementor-widget-wrap elementor-element-populated\">\n\t\t\t\t\t\t<div class=\"elementor-element elementor-element-8599cd0 elementor-widget elementor-widget-text-editor\" data-id=\"8599cd0\" data-element_type=\"widget\" data-e-type=\"widget\" data-widget_type=\"text-editor.default\">\n\t\t\t\t<div class=\"elementor-widget-container\">\n\t\t\t\t\t\t\t\t\t<p>Tel +49 (0) 7562 970 85 40<br>Fax +49 (0) 7562 970 85 50<br>E-mail: info@biogastechnik-sued.de<br>Web: <a href=\"http:\/\/www.biogastechnik-sued.de\" rel=\"nofollow\">http:\/\/www.biogastechnik-sued.de<\/a><\/p>\t\t\t\t\t\t\t\t<\/div>\n\t\t\t\t<\/div>\n\t\t\t\t\t<\/div>\n\t\t<\/div>\n\t\t\t\t\t<\/div>\n\t\t<\/section>\n\t\t\t\t<section class=\"elementor-section elementor-inner-section elementor-element elementor-element-6a923415 elementor-section-content-top elementor-section-boxed elementor-section-height-default elementor-section-height-default\" data-id=\"6a923415\" data-element_type=\"section\" data-e-type=\"section\">\n\t\t\t\t\t\t<div class=\"elementor-container elementor-column-gap-default\">\n\t\t\t\t\t<div class=\"elementor-column elementor-col-50 elementor-inner-column elementor-element elementor-element-7f0eeb2f\" data-id=\"7f0eeb2f\" data-element_type=\"column\" data-e-type=\"column\">\n\t\t\t<div class=\"elementor-widget-wrap elementor-element-populated\">\n\t\t\t\t\t\t<div class=\"elementor-element elementor-element-22d7026 elementor-widget elementor-widget-heading\" data-id=\"22d7026\" data-element_type=\"widget\" data-e-type=\"widget\" data-widget_type=\"heading.default\">\n\t\t\t\t<div class=\"elementor-widget-container\">\n\t\t\t\t\t<h4 class=\"elementor-heading-title elementor-size-default\">Informazioni sull'azienda<\/h4>\t\t\t\t<\/div>\n\t\t\t\t<\/div>\n\t\t\t\t<div class=\"elementor-element elementor-element-9610c9 elementor-widget elementor-widget-text-editor\" data-id=\"9610c9\" data-element_type=\"widget\" data-e-type=\"widget\" data-widget_type=\"text-editor.default\">\n\t\t\t\t<div class=\"elementor-widget-container\">\n\t\t\t\t\t\t\t\t\t<p>Numero di identificazione dell&#8217;imposta sulle vendite:<\/p><p>IT 247313062<\/p><p>Amministratori delegati: Clemens Maier, Gregor Maier<\/p><p>Tribunale: Tribunale di Ulm, HRB 621152<\/p>\t\t\t\t\t\t\t\t<\/div>\n\t\t\t\t<\/div>\n\t\t\t\t\t<\/div>\n\t\t<\/div>\n\t\t\t\t<div class=\"elementor-column elementor-col-50 elementor-inner-column elementor-element elementor-element-73904384\" data-id=\"73904384\" data-element_type=\"column\" data-e-type=\"column\">\n\t\t\t<div class=\"elementor-widget-wrap elementor-element-populated\">\n\t\t\t\t\t\t<div class=\"elementor-element elementor-element-4ea303ef elementor-widget elementor-widget-heading\" data-id=\"4ea303ef\" data-element_type=\"widget\" data-e-type=\"widget\" data-widget_type=\"heading.default\">\n\t\t\t\t<div class=\"elementor-widget-container\">\n\t\t\t\t\t<h4 class=\"elementor-heading-title elementor-size-default\">Elenco delle licenze<\/h4>\t\t\t\t<\/div>\n\t\t\t\t<\/div>\n\t\t\t\t<div class=\"elementor-element elementor-element-1052543b elementor-widget elementor-widget-text-editor\" data-id=\"1052543b\" data-element_type=\"widget\" data-e-type=\"widget\" data-widget_type=\"text-editor.default\">\n\t\t\t\t<div class=\"elementor-widget-container\">\n\t\t\t\t\t\t\t\t\t<p>La propriet\u00e0 intellettuale contenuta nel sito web di Biogastechnik S\u00fcd, come brevetti, marchi e copyright, \u00e8 protetta. Il presente sito web non concede alcuna licenza d&#8217;uso della propriet\u00e0 intellettuale. <\/p>\t\t\t\t\t\t\t\t<\/div>\n\t\t\t\t<\/div>\n\t\t\t\t\t<\/div>\n\t\t<\/div>\n\t\t\t\t\t<\/div>\n\t\t<\/section>\n\t\t\t\t<section class=\"elementor-section elementor-inner-section elementor-element elementor-element-76d361e2 elementor-section-content-top elementor-section-boxed elementor-section-height-default elementor-section-height-default\" data-id=\"76d361e2\" data-element_type=\"section\" data-e-type=\"section\">\n\t\t\t\t\t\t<div class=\"elementor-container elementor-column-gap-default\">\n\t\t\t\t\t<div class=\"elementor-column elementor-col-50 elementor-inner-column elementor-element elementor-element-731438e\" data-id=\"731438e\" data-element_type=\"column\" data-e-type=\"column\">\n\t\t\t<div class=\"elementor-widget-wrap elementor-element-populated\">\n\t\t\t\t\t\t<div class=\"elementor-element elementor-element-267e02ce elementor-widget elementor-widget-heading\" data-id=\"267e02ce\" data-element_type=\"widget\" data-e-type=\"widget\" data-widget_type=\"heading.default\">\n\t\t\t\t<div class=\"elementor-widget-container\">\n\t\t\t\t\t<h4 class=\"elementor-heading-title elementor-size-default\">Termini e condizioni generali<\/h4>\t\t\t\t<\/div>\n\t\t\t\t<\/div>\n\t\t\t\t<div class=\"elementor-element elementor-element-1bf28d61 elementor-widget elementor-widget-text-editor\" data-id=\"1bf28d61\" data-element_type=\"widget\" data-e-type=\"widget\" data-widget_type=\"text-editor.default\">\n\t\t\t\t<div class=\"elementor-widget-container\">\n\t\t\t\t\t\t\t\t\t<p>Potete scaricare i nostri termini e condizioni generali (AGB) <a href=\"https:\/\/biogastechnik-sued.de\/it\/home\/ccg\/\"><span style=\"color: #00723f;\"><strong>qui<\/strong><\/span><\/a> o nel <span style=\"color: #00723f;\"><strong><a style=\"color: #00723f;\" href=\"https:\/\/biogastechnik-sued.de\/biogastechnik-sued-gmbh\/downloadcenter\/\">centro di download<\/a><\/strong><\/span> centro di download.<\/p>\t\t\t\t\t\t\t\t<\/div>\n\t\t\t\t<\/div>\n\t\t\t\t\t<\/div>\n\t\t<\/div>\n\t\t\t\t<div class=\"elementor-column elementor-col-50 elementor-inner-column elementor-element elementor-element-5320bf66\" data-id=\"5320bf66\" data-element_type=\"column\" data-e-type=\"column\">\n\t\t\t<div class=\"elementor-widget-wrap elementor-element-populated\">\n\t\t\t\t\t\t<div class=\"elementor-element elementor-element-271a8b80 elementor-widget elementor-widget-heading\" data-id=\"271a8b80\" data-element_type=\"widget\" data-e-type=\"widget\" data-widget_type=\"heading.default\">\n\t\t\t\t<div class=\"elementor-widget-container\">\n\t\t\t\t\t<h4 class=\"elementor-heading-title elementor-size-default\">Collegamenti esterni<\/h4>\t\t\t\t<\/div>\n\t\t\t\t<\/div>\n\t\t\t\t<div class=\"elementor-element elementor-element-32489296 elementor-widget elementor-widget-text-editor\" data-id=\"32489296\" data-element_type=\"widget\" data-e-type=\"widget\" data-widget_type=\"text-editor.default\">\n\t\t\t\t<div class=\"elementor-widget-container\">\n\t\t\t\t\t\t\t\t\t<p>Nonostante l&#8217;attento controllo dei contenuti, non ci assumiamo alcuna responsabilit\u00e0 per il contenuto dei link esterni. I gestori delle pagine collegate sono gli unici responsabili del loro contenuto. <\/p>\t\t\t\t\t\t\t\t<\/div>\n\t\t\t\t<\/div>\n\t\t\t\t\t<\/div>\n\t\t<\/div>\n\t\t\t\t\t<\/div>\n\t\t<\/section>\n\t\t\t\t<section class=\"elementor-section elementor-inner-section elementor-element elementor-element-1ef9d280 elementor-section-content-top elementor-section-boxed elementor-section-height-default elementor-section-height-default\" data-id=\"1ef9d280\" data-element_type=\"section\" data-e-type=\"section\">\n\t\t\t\t\t\t<div class=\"elementor-container elementor-column-gap-no\">\n\t\t\t\t\t<div class=\"elementor-column elementor-col-50 elementor-inner-column elementor-element elementor-element-3d769e14\" data-id=\"3d769e14\" data-element_type=\"column\" data-e-type=\"column\">\n\t\t\t<div class=\"elementor-widget-wrap elementor-element-populated\">\n\t\t\t\t\t\t<div class=\"elementor-element elementor-element-e8e1054 elementor-widget elementor-widget-heading\" data-id=\"e8e1054\" data-element_type=\"widget\" data-e-type=\"widget\" data-widget_type=\"heading.default\">\n\t\t\t\t<div class=\"elementor-widget-container\">\n\t\t\t\t\t<h4 class=\"elementor-heading-title elementor-size-default\">Copyright<\/h4>\t\t\t\t<\/div>\n\t\t\t\t<\/div>\n\t\t\t\t<div class=\"elementor-element elementor-element-694312a7 elementor-widget elementor-widget-text-editor\" data-id=\"694312a7\" data-element_type=\"widget\" data-e-type=\"widget\" data-widget_type=\"text-editor.default\">\n\t\t\t\t<div class=\"elementor-widget-container\">\n\t\t\t\t\t\t\t\t\t<p>Tutti i diritti sono riservati. I testi, le immagini, i grafici, i file audio, i file di animazione, i file video e la loro disposizione sui siti web di Biogastechnik S\u00fcd sono tutti soggetti a copyright e ad altre forme di protezione della propriet\u00e0 intellettuale. Il contenuto di questi siti web non pu\u00f2 essere copiato, distribuito, modificato o reso accessibile a terzi per scopi commerciali. Qualsiasi violazione \u00e8 punibile per legge e pu\u00f2 essere perseguita. Alcune pagine, compreso l&#8217;imprinting, contengono anche immagini soggette a copyright di terzi.     <\/p>\t\t\t\t\t\t\t\t<\/div>\n\t\t\t\t<\/div>\n\t\t\t\t\t<\/div>\n\t\t<\/div>\n\t\t\t\t<div class=\"elementor-column elementor-col-50 elementor-inner-column elementor-element elementor-element-3f9e3579\" data-id=\"3f9e3579\" data-element_type=\"column\" data-e-type=\"column\">\n\t\t\t<div class=\"elementor-widget-wrap elementor-element-populated\">\n\t\t\t\t\t\t<div class=\"elementor-element elementor-element-bc96f99 elementor-widget elementor-widget-heading\" data-id=\"bc96f99\" data-element_type=\"widget\" data-e-type=\"widget\" data-widget_type=\"heading.default\">\n\t\t\t\t<div class=\"elementor-widget-container\">\n\t\t\t\t\t<h4 class=\"elementor-heading-title elementor-size-default\">Limitazione di responsabilit\u00e0<\/h4>\t\t\t\t<\/div>\n\t\t\t\t<\/div>\n\t\t\t\t<div class=\"elementor-element elementor-element-10615a01 elementor-widget elementor-widget-text-editor\" data-id=\"10615a01\" data-element_type=\"widget\" data-e-type=\"widget\" data-widget_type=\"text-editor.default\">\n\t\t\t\t<div class=\"elementor-widget-container\">\n\t\t\t\t\t\t\t\t\t<p>Biogastechnik S\u00fcd GmbH si impegna a mantenere il proprio sito web aggiornato, corretto e completo. Tuttavia, non \u00e8 possibile escludere completamente il verificarsi di errori.<br>Biogastechnik S\u00fcd GmbH non si assume alcuna responsabilit\u00e0 per l&#8217;attualit\u00e0, l&#8217;accuratezza o la completezza delle informazioni fornite sul proprio sito web, a meno che gli errori non siano stati inseriti intenzionalmente o per grave negligenza. Ci\u00f2 si riferisce a qualsiasi danno materiale o immateriale a terzi causato dall&#8217;uso di questo sito web.  <\/p>\t\t\t\t\t\t\t\t<\/div>\n\t\t\t\t<\/div>\n\t\t\t\t\t<\/div>\n\t\t<\/div>\n\t\t\t\t\t<\/div>\n\t\t<\/section>\n\t\t\t\t<section class=\"elementor-section elementor-inner-section elementor-element elementor-element-2583946 elementor-section-content-top elementor-section-boxed elementor-section-height-default elementor-section-height-default\" data-id=\"2583946\" data-element_type=\"section\" data-e-type=\"section\">\n\t\t\t\t\t\t<div class=\"elementor-container elementor-column-gap-no\">\n\t\t\t\t\t<div class=\"elementor-column elementor-col-50 elementor-inner-column elementor-element elementor-element-a11f1cd\" data-id=\"a11f1cd\" data-element_type=\"column\" data-e-type=\"column\">\n\t\t\t<div class=\"elementor-widget-wrap elementor-element-populated\">\n\t\t\t\t\t\t<div class=\"elementor-element elementor-element-491c519 elementor-widget elementor-widget-heading\" data-id=\"491c519\" data-element_type=\"widget\" data-e-type=\"widget\" data-widget_type=\"heading.default\">\n\t\t\t\t<div class=\"elementor-widget-container\">\n\t\t\t\t\t<h4 class=\"elementor-heading-title elementor-size-default\">Efficacia legale<\/h4>\t\t\t\t<\/div>\n\t\t\t\t<\/div>\n\t\t\t\t<div class=\"elementor-element elementor-element-49fa0b4 elementor-widget elementor-widget-text-editor\" data-id=\"49fa0b4\" data-element_type=\"widget\" data-e-type=\"widget\" data-widget_type=\"text-editor.default\">\n\t\t\t\t<div class=\"elementor-widget-container\">\n\t\t\t\t\t\t\t\t\t<p>La presente dichiarazione di non responsabilit\u00e0 \u00e8 parte integrante del sito web di Biogastechnik S\u00fcd GmbH. Se singole formulazioni o parti di questo testo non corrispondono pi\u00f9 o non corrispondono pi\u00f9 completamente alla situazione legale applicabile, le parti restanti di questa dichiarazione rimangono inalterate. <\/p>\t\t\t\t\t\t\t\t<\/div>\n\t\t\t\t<\/div>\n\t\t\t\t\t<\/div>\n\t\t<\/div>\n\t\t\t\t<div class=\"elementor-column elementor-col-50 elementor-inner-column elementor-element elementor-element-75f7dce\" data-id=\"75f7dce\" data-element_type=\"column\" data-e-type=\"column\">\n\t\t\t<div class=\"elementor-widget-wrap elementor-element-populated\">\n\t\t\t\t\t\t<div class=\"elementor-element elementor-element-2ee39be elementor-widget elementor-widget-heading\" data-id=\"2ee39be\" data-element_type=\"widget\" data-e-type=\"widget\" data-widget_type=\"heading.default\">\n\t\t\t\t<div class=\"elementor-widget-container\">\n\t\t\t\t\t<h4 class=\"elementor-heading-title elementor-size-default\"><strong>Nota sull'uso degli strumenti di IA<\/strong><\/h4>\t\t\t\t<\/div>\n\t\t\t\t<\/div>\n\t\t\t\t<div class=\"elementor-element elementor-element-a5f72f3 elementor-widget elementor-widget-text-editor\" data-id=\"a5f72f3\" data-element_type=\"widget\" data-e-type=\"widget\" data-widget_type=\"text-editor.default\">\n\t\t\t\t<div class=\"elementor-widget-container\">\n\t\t\t\t\t\t\t\t\t<p>Nell&#8217;ambito del nostro lavoro e per la creazione dei contenuti di questo sito web, abbiamo utilizzato strumenti di assistenza alla scrittura supportati dall&#8217;intelligenza artificiale. Queste tecnologie sono state utilizzate per supportare la creazione dei testi. Tutti i contenuti sono stati rivisti e modificati da noi per garantire che soddisfino i nostri standard di qualit\u00e0.  <\/p>\t\t\t\t\t\t\t\t<\/div>\n\t\t\t\t<\/div>\n\t\t\t\t\t<\/div>\n\t\t<\/div>\n\t\t\t\t\t<\/div>\n\t\t<\/section>\n\t\t\t\t\t<\/div>\n\t\t<\/div>\n\t\t\t\t\t<\/div>\n\t\t<\/section>\n\t\t\t\t<\/div>\n\t\t","protected":false},"excerpt":{"rendered":"<p>Impronta Con le informazioni obbligatorie ai sensi del \u00a7 5 della legge sui media telematici e del \u00a7 55 del trattato interstatale sulla radiodiffusione. Biogastechnik S\u00fcd GmbHAm Sch\u00e4ferhof 288316 Isny im Allg\u00e4u Tel +49 (0) 7562 970 85 40Fax +49 (0) 7562 970 85 50E-mail: <a href=\"mailto:info@biogastechnik-sued.deWeb\">info@biogastechnik-sued.deWeb<\/a>: <a href=\"http:\/\/www.biogastechnik-sued.de\" rel=\"nofollow\">http:\/\/www.biogastechnik-sued.de<\/a> Informazioni sull&#8217;azienda Numero di identificazione dell&#8217;imposta sulle vendite: [&hellip;]<\/p>\n","protected":false},"author":154380550,"featured_media":0,"parent":22360,"menu_order":0,"comment_status":"closed","ping_status":"closed","template":"elementor_theme","meta":{"_acf_changed":false,"footnotes":""},"class_list":["post-22372","page","type-page","status-publish","hentry"],"acf":[],"yoast_head":"<!-- This site is optimized with the Yoast SEO plugin v27.4 - https:\/\/yoast.com\/product\/yoast-seo-wordpress\/ -->\n<title>Marchio della Biogastechnik S\u00fcd GmbH di Isny im Allg\u00e4u<\/title>\n<meta name=\"description\" content=\"Qui troverete l&#039;imprinting di Biogastechnik S\u00fcd GmbH di Isny im Allg\u00e4u. Produciamo componenti per impianti di biogas.\" \/>\n<meta name=\"robots\" content=\"index, follow, max-snippet:-1, max-image-preview:large, max-video-preview:-1\" \/>\n<link rel=\"canonical\" href=\"https:\/\/biogastechnik-sued.de\/it\/home\/note-legali\/\" \/>\n<meta property=\"og:locale\" content=\"it_IT\" \/>\n<meta property=\"og:type\" content=\"article\" \/>\n<meta property=\"og:title\" content=\"Marchio della Biogastechnik S\u00fcd GmbH di Isny im Allg\u00e4u\" \/>\n<meta property=\"og:description\" content=\"Qui troverete l&#039;imprinting di Biogastechnik S\u00fcd GmbH di Isny im Allg\u00e4u. Produciamo componenti per impianti di biogas.\" \/>\n<meta property=\"og:url\" content=\"https:\/\/biogastechnik-sued.de\/it\/home\/note-legali\/\" \/>\n<meta property=\"og:site_name\" content=\"Biogastechnik S\u00fcd GmbH\" \/>\n<meta property=\"article:publisher\" content=\"https:\/\/www.facebook.com\/biogastechniksued\" \/>\n<meta property=\"article:modified_time\" content=\"2025-07-28T12:52:00+00:00\" \/>\n<meta name=\"twitter:card\" content=\"summary_large_image\" \/>\n<meta name=\"twitter:site\" content=\"@BTsued\" \/>\n<meta name=\"twitter:label1\" content=\"Tempo di lettura stimato\" \/>\n\t<meta name=\"twitter:data1\" content=\"2 minuti\" \/>\n<script type=\"application\/ld+json\" class=\"yoast-schema-graph\">{\"@context\":\"https:\\\/\\\/schema.org\",\"@graph\":[{\"@type\":\"WebPage\",\"@id\":\"https:\\\/\\\/biogastechnik-sued.de\\\/it\\\/home\\\/note-legali\\\/\",\"url\":\"https:\\\/\\\/biogastechnik-sued.de\\\/it\\\/home\\\/note-legali\\\/\",\"name\":\"Marchio della Biogastechnik S\u00fcd GmbH di Isny im Allg\u00e4u\",\"isPartOf\":{\"@id\":\"https:\\\/\\\/biogastechnik-sued.de\\\/it\\\/#website\"},\"datePublished\":\"2024-04-08T10:07:25+00:00\",\"dateModified\":\"2025-07-28T12:52:00+00:00\",\"description\":\"Qui troverete l'imprinting di Biogastechnik S\u00fcd GmbH di Isny im Allg\u00e4u. Produciamo componenti per impianti di biogas.\",\"breadcrumb\":{\"@id\":\"https:\\\/\\\/biogastechnik-sued.de\\\/it\\\/home\\\/note-legali\\\/#breadcrumb\"},\"inLanguage\":\"it-IT\",\"potentialAction\":[{\"@type\":\"ReadAction\",\"target\":[\"https:\\\/\\\/biogastechnik-sued.de\\\/it\\\/home\\\/note-legali\\\/\"]}]},{\"@type\":\"BreadcrumbList\",\"@id\":\"https:\\\/\\\/biogastechnik-sued.de\\\/it\\\/home\\\/note-legali\\\/#breadcrumb\",\"itemListElement\":[{\"@type\":\"ListItem\",\"position\":1,\"name\":\"Casa\",\"item\":\"https:\\\/\\\/biogastechnik-sued.de\\\/it\\\/home\\\/\"},{\"@type\":\"ListItem\",\"position\":2,\"name\":\"Impronta\"}]},{\"@type\":\"WebSite\",\"@id\":\"https:\\\/\\\/biogastechnik-sued.de\\\/it\\\/#website\",\"url\":\"https:\\\/\\\/biogastechnik-sued.de\\\/it\\\/\",\"name\":\"Biogastechnik S\u00fcd GmbH\",\"description\":\"Aus der Praxis, f\u00fcr die Praxis.\",\"publisher\":{\"@id\":\"https:\\\/\\\/biogastechnik-sued.de\\\/it\\\/#organization\"},\"potentialAction\":[{\"@type\":\"SearchAction\",\"target\":{\"@type\":\"EntryPoint\",\"urlTemplate\":\"https:\\\/\\\/biogastechnik-sued.de\\\/it\\\/?s={search_term_string}\"},\"query-input\":{\"@type\":\"PropertyValueSpecification\",\"valueRequired\":true,\"valueName\":\"search_term_string\"}}],\"inLanguage\":\"it-IT\"},{\"@type\":\"Organization\",\"@id\":\"https:\\\/\\\/biogastechnik-sued.de\\\/it\\\/#organization\",\"name\":\"Biogastechnik S\u00fcd GmbH\",\"url\":\"https:\\\/\\\/biogastechnik-sued.de\\\/it\\\/\",\"logo\":{\"@type\":\"ImageObject\",\"inLanguage\":\"it-IT\",\"@id\":\"https:\\\/\\\/biogastechnik-sued.de\\\/it\\\/#\\\/schema\\\/logo\\\/image\\\/\",\"url\":\"\",\"contentUrl\":\"\",\"caption\":\"Biogastechnik S\u00fcd GmbH\"},\"image\":{\"@id\":\"https:\\\/\\\/biogastechnik-sued.de\\\/it\\\/#\\\/schema\\\/logo\\\/image\\\/\"},\"sameAs\":[\"https:\\\/\\\/www.facebook.com\\\/biogastechniksued\",\"https:\\\/\\\/x.com\\\/BTsued\",\"https:\\\/\\\/www.instagram.com\\\/btsued\",\"https:\\\/\\\/www.youtube.com\\\/channel\\\/UCMH0VQD8-sWVF6Wc5vbMqtg\"]}]}<\/script>\n<!-- \/ Yoast SEO plugin. -->","yoast_head_json":{"title":"Marchio della Biogastechnik S\u00fcd GmbH di Isny im Allg\u00e4u","description":"Qui troverete l'imprinting di Biogastechnik S\u00fcd GmbH di Isny im Allg\u00e4u. Produciamo componenti per impianti di biogas.","robots":{"index":"index","follow":"follow","max-snippet":"max-snippet:-1","max-image-preview":"max-image-preview:large","max-video-preview":"max-video-preview:-1"},"canonical":"https:\/\/biogastechnik-sued.de\/it\/home\/note-legali\/","og_locale":"it_IT","og_type":"article","og_title":"Marchio della Biogastechnik S\u00fcd GmbH di Isny im Allg\u00e4u","og_description":"Qui troverete l'imprinting di Biogastechnik S\u00fcd GmbH di Isny im Allg\u00e4u. Produciamo componenti per impianti di biogas.","og_url":"https:\/\/biogastechnik-sued.de\/it\/home\/note-legali\/","og_site_name":"Biogastechnik S\u00fcd GmbH","article_publisher":"https:\/\/www.facebook.com\/biogastechniksued","article_modified_time":"2025-07-28T12:52:00+00:00","twitter_card":"summary_large_image","twitter_site":"@BTsued","twitter_misc":{"Tempo di lettura stimato":"2 minuti"},"schema":{"@context":"https:\/\/schema.org","@graph":[{"@type":"WebPage","@id":"https:\/\/biogastechnik-sued.de\/it\/home\/note-legali\/","url":"https:\/\/biogastechnik-sued.de\/it\/home\/note-legali\/","name":"Marchio della Biogastechnik S\u00fcd GmbH di Isny im Allg\u00e4u","isPartOf":{"@id":"https:\/\/biogastechnik-sued.de\/it\/#website"},"datePublished":"2024-04-08T10:07:25+00:00","dateModified":"2025-07-28T12:52:00+00:00","description":"Qui troverete l'imprinting di Biogastechnik S\u00fcd GmbH di Isny im Allg\u00e4u. Produciamo componenti per impianti di biogas.","breadcrumb":{"@id":"https:\/\/biogastechnik-sued.de\/it\/home\/note-legali\/#breadcrumb"},"inLanguage":"it-IT","potentialAction":[{"@type":"ReadAction","target":["https:\/\/biogastechnik-sued.de\/it\/home\/note-legali\/"]}]},{"@type":"BreadcrumbList","@id":"https:\/\/biogastechnik-sued.de\/it\/home\/note-legali\/#breadcrumb","itemListElement":[{"@type":"ListItem","position":1,"name":"Casa","item":"https:\/\/biogastechnik-sued.de\/it\/home\/"},{"@type":"ListItem","position":2,"name":"Impronta"}]},{"@type":"WebSite","@id":"https:\/\/biogastechnik-sued.de\/it\/#website","url":"https:\/\/biogastechnik-sued.de\/it\/","name":"Biogastechnik S\u00fcd GmbH","description":"Aus der Praxis, f\u00fcr die Praxis.","publisher":{"@id":"https:\/\/biogastechnik-sued.de\/it\/#organization"},"potentialAction":[{"@type":"SearchAction","target":{"@type":"EntryPoint","urlTemplate":"https:\/\/biogastechnik-sued.de\/it\/?s={search_term_string}"},"query-input":{"@type":"PropertyValueSpecification","valueRequired":true,"valueName":"search_term_string"}}],"inLanguage":"it-IT"},{"@type":"Organization","@id":"https:\/\/biogastechnik-sued.de\/it\/#organization","name":"Biogastechnik S\u00fcd GmbH","url":"https:\/\/biogastechnik-sued.de\/it\/","logo":{"@type":"ImageObject","inLanguage":"it-IT","@id":"https:\/\/biogastechnik-sued.de\/it\/#\/schema\/logo\/image\/","url":"","contentUrl":"","caption":"Biogastechnik S\u00fcd GmbH"},"image":{"@id":"https:\/\/biogastechnik-sued.de\/it\/#\/schema\/logo\/image\/"},"sameAs":["https:\/\/www.facebook.com\/biogastechniksued","https:\/\/x.com\/BTsued","https:\/\/www.instagram.com\/btsued","https:\/\/www.youtube.com\/channel\/UCMH0VQD8-sWVF6Wc5vbMqtg"]}]}},"jetpack_shortlink":"https:\/\/wp.me\/PaOez7-5OQ","jetpack_sharing_enabled":true,"_links":{"self":[{"href":"https:\/\/biogastechnik-sued.de\/it\/wp-json\/wp\/v2\/pages\/22372","targetHints":{"allow":["GET"]}}],"collection":[{"href":"https:\/\/biogastechnik-sued.de\/it\/wp-json\/wp\/v2\/pages"}],"about":[{"href":"https:\/\/biogastechnik-sued.de\/it\/wp-json\/wp\/v2\/types\/page"}],"author":[{"embeddable":true,"href":"https:\/\/biogastechnik-sued.de\/it\/wp-json\/wp\/v2\/users\/154380550"}],"replies":[{"embeddable":true,"href":"https:\/\/biogastechnik-sued.de\/it\/wp-json\/wp\/v2\/comments?post=22372"}],"version-history":[{"count":3,"href":"https:\/\/biogastechnik-sued.de\/it\/wp-json\/wp\/v2\/pages\/22372\/revisions"}],"predecessor-version":[{"id":28741,"href":"https:\/\/biogastechnik-sued.de\/it\/wp-json\/wp\/v2\/pages\/22372\/revisions\/28741"}],"up":[{"embeddable":true,"href":"https:\/\/biogastechnik-sued.de\/it\/wp-json\/wp\/v2\/pages\/22360"}],"wp:attachment":[{"href":"https:\/\/biogastechnik-sued.de\/it\/wp-json\/wp\/v2\/media?parent=22372"}],"curies":[{"name":"wp","href":"https:\/\/api.w.org\/{rel}","templated":true}]}}